{"id":138233,"date":"2020-05-08T01:53:00","date_gmt":"2020-05-07T23:53:00","guid":{"rendered":"https:\/\/sunlightestate.com\/?page_id=138233"},"modified":"2022-02-17T12:50:16","modified_gmt":"2022-02-17T11:50:16","slug":"dwupoziomowe-z-ogrodem","status":"publish","type":"page","link":"https:\/\/sunlightestate.com\/pl\/na-sprzedaz\/dwupoziomowe-z-ogrodem\/","title":{"rendered":"Mieszkania dwupoziomowe z ogrodem prosto od dewelopera w Alanyi"},"content":{"rendered":"<h2 class=\"h2-seo-content\" style=\"margin-top: 0;\">Mieszkania dwupoziomowe z ogrodem Alanya<\/h2>\n<p>Marzy Ci si\u0119 w\u0142asne mieszkanie w s\u0142onecznej Turcji? A mo\u017ce rozwa\u017casz inwestycj\u0119 w zakup nieruchomo\u015bci pod wynajem? W ofercie Sunlight Estate znajdziesz komfortowo wyposa\u017cone <strong>mieszkania dwupoziomowe z ogrodem w Alanyi<\/strong>, idealnie dopasowane do Twoich indywidualnych potrzeb. Oferujemy kompleksowe doradztwo oraz wsparcie na ka\u017cdym etapie zakupu nieruchomo\u015bci. Pomo\u017cemy r\u00f3wnie\u017c w spe\u0142nieniu dodatkowych obowi\u0105zk\u00f3w, m.in. w ubieganiu si\u0119 o tureckie obywatelstwo, do kt\u00f3rego prawo daje zakup nieruchomo\u015bci w tym kraju.<\/p>\n<p>Je\u015bli chodzi o popularne w Turcji mieszkania dwupoziomowe z ogrodem, rynek pierwotny w Alanyi jest doskonale rozwini\u0119ty i oferuje szeroki wyb\u00f3r atrakcyjnych lokali. Inwestorzy doceniaj\u0105 nie tylko bardzo wysoki standard nieruchomo\u015bci, oraz ich pe\u0142n\u0105 gotowo\u015b\u0107 do natychmiastowego zamieszkania, ale r\u00f3wnie\u017c przyst\u0119pne ceny. W po\u0142\u0105czeniu z \u0142agodnym klimatem powoduj\u0105 one, \u017ce Alanya, podobnie jak ca\u0142a Riwiera Turecka, od lat ciesz\u0105 si\u0119 zainteresowaniem klient\u00f3w, rozwa\u017caj\u0105cych kupno apartamentu z widokiem na morze.<\/p>\n<h2 class=\"h2-seo-content\">Dlaczego warto kupowa\u0107 mieszkania dwupoziomowe z ogrodem w Alanyi?<\/h2>\n<p>Zakupom nieruchomo\u015bci na Riwierze Tureckiej sprzyja r\u00f3wnie\u017c niezwyk\u0142e \u0142agodny klimat oraz pi\u0119kna pogoda przez wi\u0119kszo\u015b\u0107 dni w roku. Zimy s\u0105 tutaj ciep\u0142e, wietrzne i deszczowe, jednak nawet w styczniu temperatura wody dochodzi do 20 stopni Celsjusza. Lata s\u0105 za to upalne i d\u0142ugie. Je\u015bli wi\u0119c masz do\u015b\u0107 jesiennej pluchy, wiosennych przymrozk\u00f3w czy kilkunastostopniowych mroz\u00f3w i interesuj\u0105 Ci\u0119 nowoczesne <strong>mieszkania dwupoziomowe z ogrodem, Alanya<\/strong> ma wszystko, by sta\u0107 si\u0119 Twoim wymarzonym miejscem na Ziemi.<\/p>\n<p>Ile w takim razie kosztuje dwupoziomowe mieszkanie z ogr\u00f3dkiem w Alanyi? W starannie wyselekcjonowanej ofercie Sunlight Estate czekaj\u0105 na Ciebie lokale w bardzo wysokim standardzie, w nowo uko\u0144czonych lub maksymalnie kilkuletnich inwestycjach. Ceny zakupu rozpoczynaj\u0105 si\u0119 ju\u017c od 78 000 Euro. Oznacza to, \u017ce komfortowo wyposa\u017cone, rozk\u0142adowe mieszkanie z ogr\u00f3dkiem w centrum modnego nadmorskiego kurortu mo\u017cesz kupi\u0107 znacznie taniej ni\u017c w Polsce czy wielu innych krajach Europy.<\/p>\n<h2 class=\"h2-seo-content\">Mieszkania dwupoziomowe z ogrodem \u2013 rynek pierwotny w Alanyi<\/h2>\n<p>Tutejszy rynek nieruchomo\u015bci jest bardzo zr\u00f3\u017cnicowany, co sprzyja poszukiwaniom lokali idealnie dopasowanych do w\u0142asnych potrzeb. W naszej ofercie znajdziesz zar\u00f3wno najmniejsze studia i kawalerki, jak i wi\u0119ksze, dwupoziomowe mieszkania oraz apartamenty, a tak\u017ce przestronne penthouse\u2019y zlokalizowane w centrum miasta lub bezpo\u015brednio przy pla\u017cy.<\/p>\n<h2 class=\"h2-seo-content\">Kup mieszkanie w s\u0142onecznej Alanyi!<\/h2>\n<p>Zapraszamy do zapoznania si\u0119 z nasz\u0105 bogat\u0105, regularnie aktualizowan\u0105 o nowe pozycje ofert\u0105. W Sunlight Estate czekaj\u0105 na Ciebie atrakcyjne, gotowe do natychmiastowego zamieszkania apartamenty i mieszkania dwupoziomowe z rynku pierwotnego \u2013 tak\u017ce pod inwestycj\u0119. Je\u015bli szukasz dodatkowego \u017ar\u00f3d\u0142a przychodu lub chcesz korzystnie ulokowa\u0107 sw\u00f3j kapita\u0142, nowoczesne, komfortowe mieszkania na sprzeda\u017c to oferta, kt\u00f3ra z pewno\u015bci\u0105 powinna Ci\u0119 zainteresowa\u0107. Skontaktuj si\u0119 z nami ju\u017c dzi\u015b!<\/p>\n","protected":false},"excerpt":{"rendered":"<p>Mieszkania dwupoziomowe z ogrodem Alanya Marzy Ci si\u0119 w\u0142asne mieszkanie w s\u0142onecznej Turcji? A mo\u017ce rozwa\u017casz inwestycj\u0119 w zakup nieruchomo\u015bci pod wynajem? W ofercie Sunlight Estate znajdziesz komfortowo wyposa\u017cone mieszkania dwupoziomowe z ogrodem w Alanyi, idealnie dopasowane do Twoich indywidualnych potrzeb. Oferujemy kompleksowe doradztwo oraz wsparcie na ka\u017cdym etapie zakupu nieruchomo\u015bci. Pomo\u017cemy r\u00f3wnie\u017c w spe\u0142nieniu [&hellip;]<\/p>\n","protected":false},"author":1,"featured_media":0,"parent":70713,"menu_order":0,"comment_status":"closed","ping_status":"closed","template":"template-filtered-listings-main.php","meta":{"footnotes":""},"coauthors":[47],"class_list":["post-138233","page","type-page","status-publish","hentry"],"_links":{"self":[{"href":"https:\/\/sunlightestate.com\/pl\/wp-json\/wp\/v2\/pages\/138233","targetHints":{"allow":["GET"]}}],"collection":[{"href":"https:\/\/sunlightestate.com\/pl\/wp-json\/wp\/v2\/pages"}],"about":[{"href":"https:\/\/sunlightestate.com\/pl\/wp-json\/wp\/v2\/types\/page"}],"author":[{"embeddable":true,"href":"https:\/\/sunlightestate.com\/pl\/wp-json\/wp\/v2\/users\/1"}],"replies":[{"embeddable":true,"href":"https:\/\/sunlightestate.com\/pl\/wp-json\/wp\/v2\/comments?post=138233"}],"version-history":[{"count":0,"href":"https:\/\/sunlightestate.com\/pl\/wp-json\/wp\/v2\/pages\/138233\/revisions"}],"up":[{"embeddable":true,"href":"https:\/\/sunlightestate.com\/pl\/wp-json\/wp\/v2\/pages\/70713"}],"wp:attachment":[{"href":"https:\/\/sunlightestate.com\/pl\/wp-json\/wp\/v2\/media?parent=138233"}],"wp:term":[{"taxonomy":"author","embeddable":true,"href":"https:\/\/sunlightestate.com\/pl\/wp-json\/wp\/v2\/coauthors?post=138233"}],"curies":[{"name":"wp","href":"https:\/\/api.w.org\/{rel}","templated":true}]}}