{"id":138257,"date":"2020-05-08T02:13:45","date_gmt":"2020-05-08T00:13:45","guid":{"rendered":"https:\/\/sunlightestate.com\/?page_id=138257"},"modified":"2022-02-17T12:44:35","modified_gmt":"2022-02-17T11:44:35","slug":"wille","status":"publish","type":"page","link":"https:\/\/sunlightestate.com\/pl\/na-sprzedaz\/wille\/","title":{"rendered":"Nowe domy i wille w Alanyi prosto od dewelopera"},"content":{"rendered":"\n<h2 class=\"h2-seo-content\" style=\"margin-top: 0;\">Nowe domy na sprzeda\u017c Alanya \u2013 zamieszkaj na s\u0142onecznej Riwierze Tureckiej<\/h2>\n<p>W tej kategorii czekaj\u0105 na Ciebie najlepsze oferty sprzeda\u017cy nowych dom\u00f3w oraz luksusowo wyposa\u017conych willi z prywatnym ogrodem, widokiem na morze oraz wieloma licznymi udogodnieniami. Alanya to nie tylko najpopularniejsza destynacja na Riwierze Tureckiej i mekka turyst\u00f3w z ca\u0142ego \u015bwiata. To r\u00f3wnie\u017c miejsce, gdzie s\u0142o\u0144ce \u015bwieci niemal przez ca\u0142y rok, woda i pla\u017ce s\u0105 czyste, a klimat \u0142agodny. W\u0142a\u015bnie dlatego wille oraz <strong>domy z rynku pierwotnego w Alanyi<\/strong> ciesz\u0105 si\u0119 tak ogromn\u0105 popularno\u015bci\u0105 \u2013 tak\u017ce w\u015br\u00f3d klient\u00f3w z Polski.<\/p>\n<h2 class=\"h2-seo-content\">Ile kosztuj\u0105 wille na sprzeda\u017c w Alanyi?<\/h2>\n<p>Od wielu lat wsp\u00f3\u0142pracujemy wy\u0142\u0105cznie z cenionymi i sprawdzonymi przedsi\u0119biorstwami z bran\u017cy budowlanej, dlatego nasze propozycje sprzeda\u017cy nieruchomo\u015bci s\u0105 pewne, bezpieczne i atrakcyjne cenowo. Je\u015bli interesuj\u0105 Ci\u0119 <strong>nowe domy na sprzeda\u017c, Alanya<\/strong> oferuje bogaty wyb\u00f3r nowoczesnych nieruchomo\u015bci ju\u017c od 350 000 Euro. W tej cenie znajdziesz m.in. now\u0105 will\u0119 w Alanya \u2013 Kargicak o powierzchni 246 m2, z widokiem na morze, trzema sypialniami, przestronnym salonem, prywatnym ogrodem, basenem i miejscem parkingowym.<\/p>\n<p>Nasza oferta jest niezwykle zr\u00f3\u017cnicowana, dlatego bez problemu znajdziesz w niej nieruchomo\u015bci o du\u017co wi\u0119kszym metra\u017cu \u2013 nawet z 7 sypialniami, w doskona\u0142ej lokalizacji i nadal w bardzo przyst\u0119pnych cenach.<\/p>\n<h2 class=\"h2-seo-content\">Jakie domy z rynku pierwotnego w Alanyi oferujemy?<\/h2>\n<p>Oferowane na stronach Sunlight Estate <strong>wille na sprzeda\u017c w Alanyi<\/strong> to kompletne, gotowe do natychmiastowego zamieszkania nieruchomo\u015bci. W ofercie posiadamy r\u00f3wnie\u017c inwestycje, kt\u00f3re w\u0142a\u015bnie teraz s\u0105 finalizowane i niebawem zostan\u0105 oddane pod klucz. Nasze biuro starannie selekcjonuje dost\u0119pne oferty pod k\u0105tem wysokiego standardu, lokalizacji oraz udogodnie\u0144 dla mieszka\u0144c\u00f3w. Dzi\u0119ki temu, w dost\u0119pnych u nas domach z rynku pierwotnego w Alanyi znajdziesz takie udogodnienia jak m.in.:<\/p>\n<ul style=\"list-style-type: disc; list-style-position: inside;\">\n<li>prywatny ogr\u00f3d,<\/li>\n<li>basen,<\/li>\n<li>dwustrefowa klimatyzacja,<\/li>\n<li>szybki internet,<\/li>\n<li>parking lub gara\u017c,<\/li>\n<li>meble i AGD,<\/li>\n<li>prywatn\u0105 saun\u0119\/jacuzzi,<\/li>\n<\/ul>\n<p>a tak\u017ce wiele innych udogodnie\u0144, zale\u017cnych od standardu interesuj\u0105cego Ci\u0119 obiektu.<\/p>\n<h2 class=\"h2-seo-content\">Wille rynek pierwotny Alanya \u2013 sprawd\u017a, dlaczego warto kupi\u0107 tu dom<\/h2>\n<p>Opr\u00f3cz ciep\u0142ego, \u015br\u00f3dziemnomorskiego klimatu Alanya przyci\u0105ga unikatow\u0105 kultur\u0105, przyjaznymi mieszka\u0144cami oraz atrakcyjnymi cenami. Tutejsze domy i wille dost\u0119pne s\u0105 w cenach znacznie ni\u017cszych ni\u017c w wielu europejskich krajach, co stanowi dodatkowy magnes przyci\u0105gaj\u0105cy inwestor\u00f3w. Doskonale rozwini\u0119ta infrastruktura oraz wysoki standard \u017cycia to czynniki, kt\u00f3re dodatkowo zwi\u0119kszaj\u0105 poziom bezpiecze\u0144stwa. Tutejsze nieruchomo\u015bci budowane s\u0105 zgodnie z zasadami antysejsmicznymi, mimo i\u017c prawdopodobie\u0144stwo wyst\u0105pienia trz\u0119sienia ziemi jest w tym regionie bardzo niskie.<\/p>\n<h2 class=\"h2-seo-content\">Gdzie w Alanyi warto kupi\u0107 will\u0119?<\/h2>\n<p>Je\u015bli interesuj\u0105 Ci\u0119 nowe domy lub wille rynek pierwotny w Alanyi oferuje bardzo szeroki wyb\u00f3r atrakcyjnych lokalizacji. Znajdziesz tu zar\u00f3wno nieruchomo\u015bci zlokalizowane o mniej ni\u017c 1000 m od pla\u017cy, jak i domy w centrum miasta, a tak\u017ce wille na nowoczesnych osiedlach, po\u0142o\u017conych w spokojnej okolicy. Sprawd\u017a ofert\u0119, skontaktuj si\u0119 z nami i ju\u017c dzi\u015b zarezerwuj interesuj\u0105cy Ci\u0119 dom lub will\u0119 w Alanyi.<\/p>\n\n\n\n<p><\/p>\n","protected":false},"excerpt":{"rendered":"<p>Nowe domy na sprzeda\u017c Alanya \u2013 zamieszkaj na s\u0142onecznej Riwierze Tureckiej W tej kategorii czekaj\u0105 na Ciebie najlepsze oferty sprzeda\u017cy nowych dom\u00f3w oraz luksusowo wyposa\u017conych willi z prywatnym ogrodem, widokiem na morze oraz wieloma licznymi udogodnieniami. Alanya to nie tylko najpopularniejsza destynacja na Riwierze Tureckiej i mekka turyst\u00f3w z ca\u0142ego \u015bwiata. To r\u00f3wnie\u017c miejsce, gdzie [&hellip;]<\/p>\n","protected":false},"author":1,"featured_media":0,"parent":70713,"menu_order":0,"comment_status":"closed","ping_status":"closed","template":"template-filtered-listings-main.php","meta":{"footnotes":""},"coauthors":[47],"class_list":["post-138257","page","type-page","status-publish","hentry"],"_links":{"self":[{"href":"https:\/\/sunlightestate.com\/pl\/wp-json\/wp\/v2\/pages\/138257","targetHints":{"allow":["GET"]}}],"collection":[{"href":"https:\/\/sunlightestate.com\/pl\/wp-json\/wp\/v2\/pages"}],"about":[{"href":"https:\/\/sunlightestate.com\/pl\/wp-json\/wp\/v2\/types\/page"}],"author":[{"embeddable":true,"href":"https:\/\/sunlightestate.com\/pl\/wp-json\/wp\/v2\/users\/1"}],"replies":[{"embeddable":true,"href":"https:\/\/sunlightestate.com\/pl\/wp-json\/wp\/v2\/comments?post=138257"}],"version-history":[{"count":0,"href":"https:\/\/sunlightestate.com\/pl\/wp-json\/wp\/v2\/pages\/138257\/revisions"}],"up":[{"embeddable":true,"href":"https:\/\/sunlightestate.com\/pl\/wp-json\/wp\/v2\/pages\/70713"}],"wp:attachment":[{"href":"https:\/\/sunlightestate.com\/pl\/wp-json\/wp\/v2\/media?parent=138257"}],"wp:term":[{"taxonomy":"author","embeddable":true,"href":"https:\/\/sunlightestate.com\/pl\/wp-json\/wp\/v2\/coauthors?post=138257"}],"curies":[{"name":"wp","href":"https:\/\/api.w.org\/{rel}","templated":true}]}}