{"id":138614,"date":"2020-05-08T16:35:30","date_gmt":"2020-05-08T14:35:30","guid":{"rendered":"https:\/\/sunlightestate.com\/?page_id=138614"},"modified":"2021-06-08T14:06:30","modified_gmt":"2021-06-08T12:06:30","slug":"na-wynajem","status":"publish","type":"page","link":"https:\/\/sunlightestate.com\/pl\/na-wynajem\/","title":{"rendered":"Mieszkania i domy na wynajem &#8211; Alanya &#8211; Turcja"},"content":{"rendered":"<p>Zastanawiasz si\u0119 nad d\u0142u\u017cszymi wakacjami w Turcji? Je\u015bli tak, to koniecznie zapoznaj si\u0119 z nasz\u0105 ofert\u0105&nbsp;<strong>mieszka\u0144 i apartament\u00f3w na wynajem<\/strong>! Masz wyb\u00f3r&nbsp;<strong>w\u015br\u00f3d dwu, trzy i pi\u0119ciopokojowych, w pe\u0142ni wyposa\u017conych apartament\u00f3w<\/strong>, zlokalizowanych zar\u00f3wno w \u015bcis\u0142ym centrum jak i na obrze\u017cach Alanyi. Wystarczy, \u017ce sprawdzisz&nbsp;<strong>kalendarz dost\u0119pno\u015bci nieruchomo\u015bci<\/strong> i ju\u017c wiesz, kt\u00f3re z mieszka\u0144 jest wolne w wybranym przez ciebie terminie. Skontaktuj si\u0119 z nami poprzez Whats app,&nbsp; e-mail lub wy\u015blij zapytanie prosto spod oferty! Odpowiemy tak szybko, jak jest to mo\u017cliwe. Potwierdzimy dost\u0119pno\u015b\u0107 oferty i wy\u015blemy ci wz\u00f3r umowy najmu zawieraj\u0105cej warunki i dok\u0142adny opis tego, co wliczone jest w cen\u0119 wynajmu. Wp\u0142acasz zaliczk\u0119 i otrzymujesz potwierdzenie rezerwacji. Teraz mo\u017cesz zam\u00f3wi\u0107 dodatkowe us\u0142ugi m.in. transfer z lotniska do wynaj\u0119tego przez ciebie mieszkania w Alanyi czy te\u017c zakupy spo\u017cywcze, \u017ceby w lod\u00f3wce by\u0142o na dobry pocz\u0105tek co\u015b wi\u0119cej ni\u017c \u015bwiat\u0142o ? Mo\u017cesz r\u00f3wnie\u017c zaaran\u017cowa\u0107 z nami \u201eprzywitanie niespodziank\u0119\u201d. \u015awie\u017ce kwiaty, \u015bwiece , sch\u0142odzony szampan i kolacja na tarasie z widokiem np. na pi\u0119knie o\u015bwietlone wzg\u00f3rze zamkowe. Kr\u00f3tko m\u00f3wi\u0105c z nami mo\u017cesz zrealizowa\u0107 indywidualne i wyj\u0105tkowe wakacje w Alanyi. Nie b\u00f3j si\u0119 organizowa\u0107 wakacji na w\u0142asn\u0105 r\u0119k\u0119, daj ponie\u015b\u0107 si\u0119 marzeniom i zrealizuj swoje wyczekane wakacje z Sunlight Estate.&nbsp;<\/p>\n\n\n<p><\/p>\n","protected":false},"excerpt":{"rendered":"<p>Zastanawiasz si\u0119 nad d\u0142u\u017cszymi wakacjami w Turcji? Je\u015bli tak, to koniecznie zapoznaj si\u0119 z nasz\u0105 ofert\u0105&nbsp;mieszka\u0144 i apartament\u00f3w na wynajem! Masz wyb\u00f3r&nbsp;w\u015br\u00f3d dwu, trzy i pi\u0119ciopokojowych, w pe\u0142ni wyposa\u017conych apartament\u00f3w, zlokalizowanych zar\u00f3wno w \u015bcis\u0142ym centrum jak i na obrze\u017cach Alanyi. Wystarczy, \u017ce sprawdzisz&nbsp;kalendarz dost\u0119pno\u015bci nieruchomo\u015bci i ju\u017c wiesz, kt\u00f3re z mieszka\u0144 jest wolne w wybranym [&hellip;]<\/p>\n","protected":false},"author":1,"featured_media":0,"parent":0,"menu_order":0,"comment_status":"closed","ping_status":"closed","template":"template-filtered-listings-main.php","meta":{"footnotes":""},"coauthors":[47],"class_list":["post-138614","page","type-page","status-publish","hentry"],"_links":{"self":[{"href":"https:\/\/sunlightestate.com\/pl\/wp-json\/wp\/v2\/pages\/138614","targetHints":{"allow":["GET"]}}],"collection":[{"href":"https:\/\/sunlightestate.com\/pl\/wp-json\/wp\/v2\/pages"}],"about":[{"href":"https:\/\/sunlightestate.com\/pl\/wp-json\/wp\/v2\/types\/page"}],"author":[{"embeddable":true,"href":"https:\/\/sunlightestate.com\/pl\/wp-json\/wp\/v2\/users\/1"}],"replies":[{"embeddable":true,"href":"https:\/\/sunlightestate.com\/pl\/wp-json\/wp\/v2\/comments?post=138614"}],"version-history":[{"count":0,"href":"https:\/\/sunlightestate.com\/pl\/wp-json\/wp\/v2\/pages\/138614\/revisions"}],"wp:attachment":[{"href":"https:\/\/sunlightestate.com\/pl\/wp-json\/wp\/v2\/media?parent=138614"}],"wp:term":[{"taxonomy":"author","embeddable":true,"href":"https:\/\/sunlightestate.com\/pl\/wp-json\/wp\/v2\/coauthors?post=138614"}],"curies":[{"name":"wp","href":"https:\/\/api.w.org\/{rel}","templated":true}]}}