{"id":138633,"date":"2020-05-08T16:53:04","date_gmt":"2020-05-08T14:53:04","guid":{"rendered":"https:\/\/sunlightestate.com\/?page_id=138633"},"modified":"2021-11-10T12:24:11","modified_gmt":"2021-11-10T11:24:11","slug":"dwupoziomowe-penthouse","status":"publish","type":"page","link":"https:\/\/sunlightestate.com\/pl\/na-wynajem\/dwupoziomowe-penthouse\/","title":{"rendered":"Dwupoziomowy penthouse do wynaj\u0119cia w Alanyi"},"content":{"rendered":"<h2 class=\"h2-seo-content\" style=\"margin-top: 0;\">Komfortowe wakacje w apartamencie w Turcji<\/h2>\n<p>Jak zaplanowa\u0107 idealne wakacje w Turcji? Opr\u00f3cz dobrego nastroju, pi\u0119knej pogody i przewodnika po najwi\u0119kszych zabytkach, potrzebujesz odpowiedniego zakwaterowania. Rezerwacja noclegu jest szczeg\u00f3lnie wa\u017cna dla os\u00f3b podr\u00f3\u017cuj\u0105cych z ca\u0142\u0105 rodzin\u0105 lub z gronem przyjaci\u00f3\u0142. Hotele s\u0105 wygodnym rozwi\u0105zaniem, lecz prawdziwy komfort i wypoczynek zapewni wy\u0142\u0105cznie mieszkanie do wynaj\u0119cia.<\/p>\n<p>W naszych apartamentach poczujesz si\u0119 jak w domu \u2013 znajdziesz tu wszystko, czego potrzebujesz do komfortowo sp\u0119dzonych wakacji. Mieszkania znajduj\u0105 si\u0119 w osiedlach z zapleczem rekreacyjnym typu basen, sauna, si\u0142ownia a cz\u0119sto znajdziesz tu te\u017c kort tenisowy, boisko do siatk\u00f3wki, st\u00f3\u0142 do tenisa lub bilard. Wakacje w Turcji sp\u0119dzone w apartamencie, pozwalaj\u0105 Ci cieszy\u0107 si\u0119 czasem bez potrzeby patrzenia na zegarek. Tu nie musisz je\u015b\u0107 wtedy kiedy hotelowa restauracja jest otwarta. Zakupy na regionalnych ryneczkach, kt\u00f3re pe\u0142ne s\u0105 \u015bwie\u017cych warzyw i owoc\u00f3w, ryb i owoc\u00f3w morza oraz niezliczonych restauracji z tradycyjnym tureckim jedzeniem, pozwol\u0105 Ci pozna\u0107 prawdziwy smak orientu. Gdy wiesz, \u017ce Twoje dzieci i tak nie jedz\u0105 tego co hotel serwuje, to wyb\u00f3r apartamentu jest dla Ciebie zbawieniem. Sam decydujesz kiedy i co jesz, a tak\u017ce kogo do siebie zapraszasz na pogaduchy o Turcji. Nikt nie zakazuje przyjmowania go\u015bci w wynaj\u0119tym apartamencie, wi\u0119c mo\u017cesz si\u0119 cieszy\u0107 kontaktem z tubylcami nie tylko poza apartamentem. Zwa\u017cywszy na fakt, \u017ce wynajmowane penthousy znajduj\u0105 si\u0119 w osiedlach mieszkalnych, masz szanse podpatrze\u0107 normalne \u017cycie ludzi tu przebywaj\u0105cych i cieszy\u0107 si\u0119 spokojem, poniewa\u017c obiekty nie s\u0105 tak ob\u0142o\u017cone jak hotele. Najcz\u0119\u015bciej s\u0105 to osiedla, w kt\u00f3rych mieszkaj\u0105 zar\u00f3wno Turcy, jak i obcokrajowcy, kt\u00f3rzy sp\u0119dzaj\u0105 tu kilka razy w roku wakacje i rzadko zdarza si\u0119 by na osiedlowym basenie by\u0142 t\u0142ok, bo wszyscy przyje\u017cd\u017caj\u0105 w r\u00f3\u017cnych terminach. Biuro nieruchomo\u015bci Sunlight Estate pomo\u017ce Ci znale\u017a\u0107 najlepszy dla Ciebie obiekt wakacyjny w Alanyi.<\/p>\n<h2 class=\"h2-seo-content\">Penthouse do wynaj\u0119cia w Turcji dopasowany do potrzeb u\u017cytkownik\u00f3w<\/h2>\n<p>Zastanawiasz si\u0119, jakie powinienno by\u0107 mieszkanie do wynaj\u0119cia w Turcji? Ju\u017c nie musisz! Nasze biuro ma w swojej ofercie doskonale wyposa\u017cone apartamenty, znajduj\u0105ce si\u0119 zar\u00f3wno w centrum miasta, jak i na obrze\u017cach Alanyi. Niezale\u017cnie, czy lubisz aktywne sp\u0119dzanie czasu wolnego, czy podmiejski spok\u00f3j w gronie najbli\u017cszych os\u00f3b \u2013 u nas znajdziesz odpowiednie zakwaterowanie w zaledwie kilka minut! Wystarczy, \u017ce sprawdzisz dost\u0119pno\u015b\u0107 wybranej nieruchomo\u015bci w naszym kalendarzu, a my dope\u0142nimy reszty formalno\u015bci. Prosto, szybko i bezpiecznie!<\/p>\n<p>Wiemy, \u017ce zaplanowanie wakacji marze\u0144 bywa stresuj\u0105ce, czasoch\u0142onne i nie zawsze odbywa si\u0119 zgodnie z planem. Rezerwuj\u0105c pobyt wakacyjny z profesjonalistami, zyskujesz spok\u00f3j, bezpiecze\u0144stwo i satysfakcj\u0119 z dokonanego wyboru. Oferta Sunlight Estate to nie tylko mieszkanie na wynajem. Turcja to kraj pe\u0142en niespodzianek i przyja\u017anie nastawionych ludzi, dlatego pomo\u017cemy Ci w organizacji dodatkowych us\u0142ug, jak transfer z lotniska, zakupy spo\u017cywcze oraz powitaln\u0105 niespodziank\u0119 dla Twojej ukochanej. Marzysz o wyj\u0105tkowych wakacjach w Alanyi? Z naszym biurem jest to mo\u017cliwe!<\/p>\n","protected":false},"excerpt":{"rendered":"<p>Komfortowe wakacje w apartamencie w Turcji Jak zaplanowa\u0107 idealne wakacje w Turcji? Opr\u00f3cz dobrego nastroju, pi\u0119knej pogody i przewodnika po najwi\u0119kszych zabytkach, potrzebujesz odpowiedniego zakwaterowania. Rezerwacja noclegu jest szczeg\u00f3lnie wa\u017cna dla os\u00f3b podr\u00f3\u017cuj\u0105cych z ca\u0142\u0105 rodzin\u0105 lub z gronem przyjaci\u00f3\u0142. Hotele s\u0105 wygodnym rozwi\u0105zaniem, lecz prawdziwy komfort i wypoczynek zapewni wy\u0142\u0105cznie mieszkanie do wynaj\u0119cia. W [&hellip;]<\/p>\n","protected":false},"author":1,"featured_media":0,"parent":138614,"menu_order":0,"comment_status":"closed","ping_status":"closed","template":"template-filtered-listings-main.php","meta":{"footnotes":""},"coauthors":[47],"class_list":["post-138633","page","type-page","status-publish","hentry"],"_links":{"self":[{"href":"https:\/\/sunlightestate.com\/pl\/wp-json\/wp\/v2\/pages\/138633","targetHints":{"allow":["GET"]}}],"collection":[{"href":"https:\/\/sunlightestate.com\/pl\/wp-json\/wp\/v2\/pages"}],"about":[{"href":"https:\/\/sunlightestate.com\/pl\/wp-json\/wp\/v2\/types\/page"}],"author":[{"embeddable":true,"href":"https:\/\/sunlightestate.com\/pl\/wp-json\/wp\/v2\/users\/1"}],"replies":[{"embeddable":true,"href":"https:\/\/sunlightestate.com\/pl\/wp-json\/wp\/v2\/comments?post=138633"}],"version-history":[{"count":0,"href":"https:\/\/sunlightestate.com\/pl\/wp-json\/wp\/v2\/pages\/138633\/revisions"}],"up":[{"embeddable":true,"href":"https:\/\/sunlightestate.com\/pl\/wp-json\/wp\/v2\/pages\/138614"}],"wp:attachment":[{"href":"https:\/\/sunlightestate.com\/pl\/wp-json\/wp\/v2\/media?parent=138633"}],"wp:term":[{"taxonomy":"author","embeddable":true,"href":"https:\/\/sunlightestate.com\/pl\/wp-json\/wp\/v2\/coauthors?post=138633"}],"curies":[{"name":"wp","href":"https:\/\/api.w.org\/{rel}","templated":true}]}}