{"id":139912,"date":"2020-05-12T18:58:49","date_gmt":"2020-05-12T16:58:49","guid":{"rendered":"https:\/\/sunlightestate.com\/?page_id=139912"},"modified":"2023-05-24T23:28:32","modified_gmt":"2023-05-24T21:28:32","slug":"rynek-wtorny","status":"publish","type":"page","link":"https:\/\/sunlightestate.com\/pl\/rynek-wtorny\/","title":{"rendered":"Rynek wt\u00f3rny &#8211; mieszkania, domy i wille na sprzeda\u017c w Alanyi"},"content":{"rendered":"\n<p>NIERUCHOMO\u015aCI RYNEK WT\u00d3RNY TURCJA \u2013 MIESZKANIA, DOMY I WILLE&#13;\nW kwestii takiej jak nieruchomo\u015bci rynek wt\u00f3rny w Turcji jest naprawd\u0119 bogaty i skrywa wiele pere\u0142ek wartych zainteresowania. Nawet je\u015bli znasz si\u0119 na inwestycji w nieruchomo\u015bci to warto jednak skorzysta\u0107 z pomocy do\u015bwiadczonego po\u015brednictwa nieruchomo\u015bci, aby mie\u0107 gwarancj\u0119 op\u0142acalnego zakupu. Sunlight Estate to licencjonowane biuro nieruchomo\u015bci, kt\u00f3re dzia\u0142a w Alanyi na Riwierze Tureckiej. Oferujemy pomoc w znalezieniu i zakupie nieruchomo\u015bci nie tylko z rynku pierwotnego, ale r\u00f3wnie\u017c wt\u00f3rnego. Dysponujemy ofertami sprzeda\u017cy dom\u00f3w, willi oraz mieszka\u0144. Do wsp\u00f3\u0142pracy zapraszamy ka\u017cdego, kto planuje kupi\u0107 lub sprzeda\u0107 mieszkanie w Alanyi.&#13;\n&#13;\nRYNEK WT\u00d3RNY SPRZEDA\u017b TURCJA \u2013 ATUTY WSP\u00d3\u0141PRACY Z NAMI&#13;\nJako Sunlight Estate posiadamy do\u015bwiadczenie z polskiego rynku nieruchomo\u015bci, kt\u00f3re \u0142\u0105czymy z europejskim standardem pracy po\u015brednika oraz realiami nieruchomo\u015bci w Turcji. Je\u017celi interesuje Ci\u0119 rynek wt\u00f3rny sprzeda\u017c Turcja ma wiele do zaoferowania. Nasza specjalizacja to sprzeda\u017c mieszka\u0144, apartament\u00f3w oraz dom\u00f3w. Wyszukujemy r\u00f3wnie\u017c nieruchomo\u015bci komercyjne na indywidualne zlecenia klient\u00f3w. Spo\u015br\u00f3d setek ofert dost\u0119pnych na rynku odszukamy dla Ciebie najlepsz\u0105 okazj\u0119 dopasowan\u0105 do Twoich indywidualnych preferencji. Lata do\u015bwiadczenia w bran\u017cy gwarantuj\u0105, \u017ce wiemy dok\u0142adnie, na co nale\u017cy uwa\u017ca\u0107 i z jakich okazji niezw\u0142ocznie nale\u017cy skorzysta\u0107.&#13;\n&#13;\nMIESZKANIA RYNEK WT\u00d3RNY W ALANYI&#13;\nDla nieruchomo\u015bci takich jak mieszkania rynek wt\u00f3rny w Alanyi zainteresowanie nigdy nie maleje. Riwiera Turecka cieszy si\u0119 wyj\u0105tkow\u0105 popularno\u015bci\u0105 w kwestii mieszka\u0144 na sprzeda\u017c, poniewa\u017c jest to bardzo atrakcyjna lokalizacja. Pomo\u017cemy Ci dokona\u0107 w\u0142a\u015bciwego zakupu, dopasowuj\u0105c do Twoich indywidualnych preferencji ka\u017cdy szczeg\u00f3\u0142 nieruchomo\u015bci. Nie sztuk\u0105 jest kupi\u0107 w Turcji mieszkanie, ale trzeba si\u0119 napracowa\u0107 \u017ceby znale\u017a\u0107 odpowiednio dopasowan\u0105 do ustalonych priorytet\u00f3w i przede wszystkim bezpieczn\u0105 nieruchomo\u015b\u0107. Nie tylko ekspozycja okien czy posiadanie basenu stanowi o atrakcyjno\u015bci oferty. Stan cz\u0119\u015bci wsp\u00f3lnych osiedla, relacje mieszka\u0144c\u00f3w z zarz\u0105dem i w efekcie dzia\u0142ania zarz\u0105dcy to podstawowe rzeczy wp\u0142ywaj\u0105ce na stan budynku. Wiemy co w trawie piszczy.&#13;\n&#13;\nALANYA \u2013 DOMY RYNEK WT\u00d3RNY&#13;\nJe\u017celi interesuj\u0105 Ci\u0119 domy rynek wt\u00f3rny w Alanyi nasza oferta z pewno\u015bci\u0105 Ci\u0119 nie rozczaruje. Podpowiemy Ci, kt\u00f3ra dzielnica Alanyi jest lepsza dla m\u0142odych par z dzie\u0107mi, a kt\u00f3ra lepiej sprawdzi si\u0119 dla os\u00f3b dojrza\u0142ych ceni\u0105cych sobie blisko\u015b\u0107 natury oraz spok\u00f3j. Doradzamy i asystujemy podczas ca\u0142ego procesu zakupu nieruchomo\u015bci, gwarantuj\u0105c bezpiecze\u0144stwo zawieranych przez Ciebie transakcji. Pomo\u017cemy w dope\u0142nieniu formalno\u015bci, takich jak przygotowanie dokumentacji do zakupu domu w Alanyi. Nie czekaj i za\u0142\u00f3\u017c konto w naszym serwisie, dzi\u0119ki czemu zyskasz dost\u0119p do wi\u0119kszej ilo\u015bci informacji.<\/p>\n","protected":false},"excerpt":{"rendered":"<p>NIERUCHOMO\u015aCI RYNEK WT\u00d3RNY TURCJA \u2013 MIESZKANIA, DOMY I WILLE&#13; W kwestii takiej jak nieruchomo\u015bci rynek wt\u00f3rny w Turcji jest naprawd\u0119 bogaty i skrywa wiele pere\u0142ek wartych zainteresowania. Nawet je\u015bli znasz si\u0119 na inwestycji w nieruchomo\u015bci to warto jednak skorzysta\u0107 z pomocy do\u015bwiadczonego po\u015brednictwa nieruchomo\u015bci, aby mie\u0107 gwarancj\u0119 op\u0142acalnego zakupu. Sunlight Estate to licencjonowane biuro nieruchomo\u015bci, [&hellip;]<\/p>\n","protected":false},"author":1,"featured_media":0,"parent":0,"menu_order":0,"comment_status":"closed","ping_status":"closed","template":"template-filtered-listings-main.php","meta":{"footnotes":""},"coauthors":[47],"class_list":["post-139912","page","type-page","status-publish","hentry"],"_links":{"self":[{"href":"https:\/\/sunlightestate.com\/pl\/wp-json\/wp\/v2\/pages\/139912","targetHints":{"allow":["GET"]}}],"collection":[{"href":"https:\/\/sunlightestate.com\/pl\/wp-json\/wp\/v2\/pages"}],"about":[{"href":"https:\/\/sunlightestate.com\/pl\/wp-json\/wp\/v2\/types\/page"}],"author":[{"embeddable":true,"href":"https:\/\/sunlightestate.com\/pl\/wp-json\/wp\/v2\/users\/1"}],"replies":[{"embeddable":true,"href":"https:\/\/sunlightestate.com\/pl\/wp-json\/wp\/v2\/comments?post=139912"}],"version-history":[{"count":0,"href":"https:\/\/sunlightestate.com\/pl\/wp-json\/wp\/v2\/pages\/139912\/revisions"}],"wp:attachment":[{"href":"https:\/\/sunlightestate.com\/pl\/wp-json\/wp\/v2\/media?parent=139912"}],"wp:term":[{"taxonomy":"author","embeddable":true,"href":"https:\/\/sunlightestate.com\/pl\/wp-json\/wp\/v2\/coauthors?post=139912"}],"curies":[{"name":"wp","href":"https:\/\/api.w.org\/{rel}","templated":true}]}}