{"id":139922,"date":"2020-05-12T19:05:56","date_gmt":"2020-05-12T17:05:56","guid":{"rendered":"https:\/\/sunlightestate.com\/?page_id=139922"},"modified":"2021-11-10T12:09:11","modified_gmt":"2021-11-10T11:09:11","slug":"studio-kawalerka","status":"publish","type":"page","link":"https:\/\/sunlightestate.com\/pl\/rynek-wtorny\/studio-kawalerka\/","title":{"rendered":"Rynek wt\u00f3rny &#8211; kawalerka, studio na sprzeda\u017c w Alanyi"},"content":{"rendered":"\n<p>Je\u015bli poszukujesz niedu\u017cego mieszkania w Turcji, mo\u017cemy zaproponowa\u0107 Ci wiele atrakcyjnych ofert typu studio. Rynek atrakcyjnych ofert typu studio. Rynek wt\u00f3rny w Alanyi obfituje w nieruchomo\u015bci o niewielkim metra\u017cu i wysokim lub bardzo wysokim standardzie. Je\u017celi szukasz kawalerki z rynku wt\u00f3rnego w Alanyi, kt\u00f3re ma by\u0107 dla Ciebie baz\u0105 na wakacyjne wypady lub stanowi\u0107 inwestycj\u0119 pod wynajem, to typowe studio b\u0119dzie strza\u0142em w dziesi\u0105tk\u0119. Miesi\u0119czny koszt utrzymania kawalerki w Alanyi, oscyluje wok\u00f3\u0142 25-35 euro, wi\u0119c zg\u0142o\u015b si\u0119 do nas w sytuacji, gdy zamierzasz kupi\u0107 tego rodzaju studio. Z nami znajdziesz sporo ofert kawalerek z rynku wt\u00f3rnego i nie mamy w\u0105tpliwo\u015bci co do tego, \u017ce to co zobaczysz z pewno\u015bci\u0105 spe\u0142ni Twoje oczekiwania.<\/p>\n\n\n\n<h2 class=\"h2-seo-content wp-block-heading\" id=\"h-studio-z-rynku-wt-rnego-od-polskiego-po-rednika\">Studio z rynku wt\u00f3rnego od polskiego po\u015brednika<\/h2>\n\n\n\n<p>Sunlight Estate to licencjonowane biuro nieruchomo\u015bci dzia\u0142aj\u0105ce na Riwierze Tureckiej. Pracujemy w tym sektorze od 2008 roku, co daje gwarancj\u0119, \u017ce masz do czynienia z profesjonalistami. Jeste\u015bmy tak\u017ce \u2013 czy mo\u017ce przede wszystkim \u2013 pasjonatami w swojej dziedzinie. Zdajemy sobie spraw\u0119, \u017ce nawet je\u015bli znasz si\u0119 na inwestowaniu w nieruchomo\u015bci to Sunlight Estate to licencjonowane biuro nieruchomo\u015bci dzia\u0142aj\u0105ce na Riwierze Tureckiej. Pracujemy w tym sektorze od 2008 roku, co daje gwarancj\u0119, \u017ce masz do czynienia z profesjonalistami. Jeste\u015bmy tak\u017ce \u2013 czy mo\u017ce przede wszystkim \u2013 pasjonatami w swojej dziedzinie. Zdajemy sobie spraw\u0119, \u017ce nawet je\u015bli znasz si\u0119 na inwestowaniu w nieruchomo\u015bci, to ze wzgl\u0119du na brak znajomo\u015bci j\u0119zyka i prawa tureckiego, nie czujesz si\u0119 zbyt swobodnie w temacie zakupu nieruchomo\u015bci za granic\u0105. Pami\u0119taj jednak, \u017ce zapewnimy Ci pe\u0142ne wsparcie w temacie ca\u0142ej procedury i bezpiecze\u0144stwa transakcji, dlatego mo\u017cesz by\u0107 pewny, \u017ce z nami bez problem\u00f3w zakupisz wymarzon\u0105 kawalerk\u0119. Z przyjemno\u015bci\u0105 dzielimy si\u0119 swoj\u0105 wiedz\u0105 oraz do\u015bwiadczeniem.<\/p>\n\n\n\n<p>Wybieraj\u0105c nasze biuro, uzyskujesz pewno\u015b\u0107, \u017ce pomo\u017cemy Ci wytypowa\u0107 miejsce idealne dla Twoich potrzeb. Z nami znajdziesz wymarzon\u0105 przestrze\u0144 \u017cyciow\u0105, nadmorskie apartamenty typu buy-to-let, grunty albo powierzchni\u0119 pod dzia\u0142alno\u015b\u0107 komercyjn\u0105. Opr\u00f3cz tego asystujemy przy sprzeda\u017cy studio z rynku wt\u00f3rnego, wi\u0119c je\u015bli szukasz kupca \u2013 zapraszamy!<\/p>\n\n\n\n<h2 class=\"h2-seo-content wp-block-heading\" id=\"h-rynek-wt-rny-w-alanyi\">Rynek wt\u00f3rny w Alanyi<\/h2>\n\n\n\n<p>Doskonale rozumiemy potrzeby naszych Klient\u00f3w, zar\u00f3wno kupuj\u0105cych jak i sprzedawc\u00f3w, co pozwala nam perfekcyjnie dobra\u0107 dla nich ofert\u0119. Zach\u0119camy do kontaktu niezale\u017cnie od tego, czy obiektem Twojego zainteresowania jest przytulne studio, czy du\u017cy apartament.<\/p>\n\n\n\n<p>Dynamiczny rynek wt\u00f3rny na Riwierze Tureckiej to obszar, kt\u00f3ry doskonale znamy. Prezentuj\u0105c Ci oferty korzystamy nie tylko z naszej bazy firmowej ale wsp\u00f3\u0142pracujemy z ponad 200 agentami, kt\u00f3rzy sprawnie odpowiadaj\u0105 na nasze zapytania dotycz\u0105ce zapotrzebowania klient\u00f3w. Nie musisz ju\u017c sam szuka\u0107 godzinami na portalach nieruchomo\u015bci i t\u0142umaczy\u0107 z j\u0119zyka tureckiego zawarto\u015bci og\u0142osze\u0144 mieszka\u0144 w Turcji, robimy to za Ciebie, codziennie je\u017cd\u017c\u0105c w teren, rozmawiamy ze sprzedaj\u0105cymi, dozorcami, deweloperami, kt\u00f3rzy \u015bwietnie orientuj\u0105 si\u0119 w bran\u017cy rynku nieruchomo\u015bci. Udzielimy Ci wszelkich niezb\u0119dnych informacji, a tak\u017ce przeprowadzimy przez ca\u0142y proces zakupu w\u0142asnej kawalerki z rynku wt\u00f3rnego w Turcji.<\/p>\n\n\n\n<p><\/p>\n","protected":false},"excerpt":{"rendered":"<p>Je\u015bli poszukujesz niedu\u017cego mieszkania w Turcji, mo\u017cemy zaproponowa\u0107 Ci wiele atrakcyjnych ofert typu studio. Rynek atrakcyjnych ofert typu studio. Rynek wt\u00f3rny w Alanyi obfituje w nieruchomo\u015bci o niewielkim metra\u017cu i wysokim lub bardzo wysokim standardzie. Je\u017celi szukasz kawalerki z rynku wt\u00f3rnego w Alanyi, kt\u00f3re ma by\u0107 dla Ciebie baz\u0105 na wakacyjne wypady lub stanowi\u0107 inwestycj\u0119 [&hellip;]<\/p>\n","protected":false},"author":1,"featured_media":0,"parent":139912,"menu_order":0,"comment_status":"closed","ping_status":"closed","template":"template-filtered-listings-main.php","meta":{"footnotes":""},"coauthors":[47],"class_list":["post-139922","page","type-page","status-publish","hentry"],"_links":{"self":[{"href":"https:\/\/sunlightestate.com\/pl\/wp-json\/wp\/v2\/pages\/139922","targetHints":{"allow":["GET"]}}],"collection":[{"href":"https:\/\/sunlightestate.com\/pl\/wp-json\/wp\/v2\/pages"}],"about":[{"href":"https:\/\/sunlightestate.com\/pl\/wp-json\/wp\/v2\/types\/page"}],"author":[{"embeddable":true,"href":"https:\/\/sunlightestate.com\/pl\/wp-json\/wp\/v2\/users\/1"}],"replies":[{"embeddable":true,"href":"https:\/\/sunlightestate.com\/pl\/wp-json\/wp\/v2\/comments?post=139922"}],"version-history":[{"count":0,"href":"https:\/\/sunlightestate.com\/pl\/wp-json\/wp\/v2\/pages\/139922\/revisions"}],"up":[{"embeddable":true,"href":"https:\/\/sunlightestate.com\/pl\/wp-json\/wp\/v2\/pages\/139912"}],"wp:attachment":[{"href":"https:\/\/sunlightestate.com\/pl\/wp-json\/wp\/v2\/media?parent=139922"}],"wp:term":[{"taxonomy":"author","embeddable":true,"href":"https:\/\/sunlightestate.com\/pl\/wp-json\/wp\/v2\/coauthors?post=139922"}],"curies":[{"name":"wp","href":"https:\/\/api.w.org\/{rel}","templated":true}]}}