{"id":139932,"date":"2020-05-12T19:14:56","date_gmt":"2020-05-12T17:14:56","guid":{"rendered":"https:\/\/sunlightestate.com\/?page_id=139932"},"modified":"2021-11-10T13:09:14","modified_gmt":"2021-11-10T12:09:14","slug":"mieszkania","status":"publish","type":"page","link":"https:\/\/sunlightestate.com\/pl\/rynek-wtorny\/mieszkania\/","title":{"rendered":"Rynek wt\u00f3rny &#8211; mieszkania na sprzeda\u017c w Alanyi"},"content":{"rendered":"<h2 class=\"h2-seo-content\" style=\"margin-top: 0;\">Mieszkanie rynek wt\u00f3rny Alanya<\/h2>\n<p>Je\u015bli interesuje Ci\u0119 mieszkanie rynek wt\u00f3rny na Riwierze Tureckiej jest naprawd\u0119 szeroki. Nasze biuro nieruchomo\u015bci oferuje mieszkania na sprzeda\u017c w stanowi\u0105cym cz\u0119\u015b\u0107 Riwiery dystrykcie Alanya. Posiadamy bogat\u0105 ofert\u0119 nieruchomo\u015bci z rynku wt\u00f3rnego u polskiego po\u015brednika, co stanowi dodatkowe udogodnienie w przypadku zawieranych przez Ciebie transakcji. Jako licencjonowane po\u015brednictwo nieruchomo\u015bci dzia\u0142aj\u0105ce w Turcji specjalizujemy si\u0119 w mieszkaniach z rynku wt\u00f3rnego. Na Twoje indywidualne zlecenie mo\u017cemy wyszuka\u0107 dok\u0142adnie tak\u0105 nieruchomo\u015b\u0107, o jakiej marzysz. Gwarantujemy, \u017ce wsp\u00f3\u0142praca z nami b\u0119dzie dla Ciebie przyjemna i satysfakcjonuj\u0105ca. Przemawia za tym nasze do\u015bwiadczenie w nieruchomo\u015bciach z rynku tak polskiego jak i tureckiego przy jednoczesnym zachowaniu europejskich standard\u00f3w pracy po\u015brednika.<\/p>\n<h2 class=\"h2-seo-content\">Wyb\u00f3r mieszkania z rynku wt\u00f3rnego w Turcji<\/h2>\n<p>W Alanyi jest mn\u00f3stwo mieszka\u0144 na sprzeda\u017c, a ka\u017cda nieruchomo\u015b\u0107 ma cechy, kt\u00f3re dla jednych b\u0119d\u0105 stanowi\u0107 atuty, a dla innych mog\u0105 okaza\u0107 si\u0119 mniej wa\u017cnymi elementami. Wiemy wszystko na temat rynku nieruchomo\u015bci w Turcji. Podpowiemy Ci zatem na przyk\u0142ad, gdzie lepiej szuka\u0107 mieszkania z rynku wt\u00f3rnego dla m\u0142odych par z dzie\u0107mi, a gdzie dla ceni\u0105cych spok\u00f3j singli. Doradzimy Ci najlepsz\u0105 ekspozycj\u0119 okien, metra\u017c czy po\u0142o\u017cenie mieszkania. Podpowiemy, jakie dokumenty s\u0105 niezb\u0119dne w przypadku mieszka\u0144 z rynku wt\u00f3rnego w Turcji. Opr\u00f3cz wsparcia merytorycznego udzielimy r\u00f3wnie\u017c asysty na ca\u0142ym etapie zawierania transakcji. Do skorzystania z naszej wiedzy zapraszamy ka\u017cdego, kto planuje kupi\u0107 lub sprzeda\u0107 mieszkanie w regionie Alanyi!<\/p>\n<h2 class=\"h2-seo-content\">Turcja mieszkanie rynek wt\u00f3rny \u2013 wsparcie Sunglight Estate<\/h2>\n<p>Je\u017celi nie znasz zasad i j\u0119zyka, kupno nieruchomo\u015bci w Turcji mo\u017ce nie\u015b\u0107 ze sob\u0105 wiele niebezpiecze\u0144stw, dlatego warto odda\u0107 si\u0119 w r\u0119ce profesjonalist\u00f3w, kt\u00f3rzy pomog\u0105 wype\u0142ni\u0107 wszelkie formalno\u015bci, zadbaj\u0105 o prawid\u0142owy przep\u0142yw dokument\u00f3w oraz pomog\u0105 przej\u015b\u0107 przez wszystkie procedury prawne. Droga od pierwszej wizyty do podpisania umowy nie musi by\u0107 wyboista \u2013 nasi zadowoleni klienci s\u0105 tego najlepszym przyk\u0142adem! Je\u017celi Twoim marzeniem jest znalezienie idealnego mieszkania z rynku wt\u00f3rnego w Turcji, zadzwo\u0144 do nas i powierz to zadanie specjalistom.<\/p>\n","protected":false},"excerpt":{"rendered":"<p>Mieszkanie rynek wt\u00f3rny Alanya Je\u015bli interesuje Ci\u0119 mieszkanie rynek wt\u00f3rny na Riwierze Tureckiej jest naprawd\u0119 szeroki. Nasze biuro nieruchomo\u015bci oferuje mieszkania na sprzeda\u017c w stanowi\u0105cym cz\u0119\u015b\u0107 Riwiery dystrykcie Alanya. Posiadamy bogat\u0105 ofert\u0119 nieruchomo\u015bci z rynku wt\u00f3rnego u polskiego po\u015brednika, co stanowi dodatkowe udogodnienie w przypadku zawieranych przez Ciebie transakcji. Jako licencjonowane po\u015brednictwo nieruchomo\u015bci dzia\u0142aj\u0105ce w [&hellip;]<\/p>\n","protected":false},"author":1,"featured_media":0,"parent":139912,"menu_order":0,"comment_status":"closed","ping_status":"closed","template":"template-filtered-listings-main.php","meta":{"footnotes":""},"coauthors":[47],"class_list":["post-139932","page","type-page","status-publish","hentry"],"_links":{"self":[{"href":"https:\/\/sunlightestate.com\/pl\/wp-json\/wp\/v2\/pages\/139932","targetHints":{"allow":["GET"]}}],"collection":[{"href":"https:\/\/sunlightestate.com\/pl\/wp-json\/wp\/v2\/pages"}],"about":[{"href":"https:\/\/sunlightestate.com\/pl\/wp-json\/wp\/v2\/types\/page"}],"author":[{"embeddable":true,"href":"https:\/\/sunlightestate.com\/pl\/wp-json\/wp\/v2\/users\/1"}],"replies":[{"embeddable":true,"href":"https:\/\/sunlightestate.com\/pl\/wp-json\/wp\/v2\/comments?post=139932"}],"version-history":[{"count":0,"href":"https:\/\/sunlightestate.com\/pl\/wp-json\/wp\/v2\/pages\/139932\/revisions"}],"up":[{"embeddable":true,"href":"https:\/\/sunlightestate.com\/pl\/wp-json\/wp\/v2\/pages\/139912"}],"wp:attachment":[{"href":"https:\/\/sunlightestate.com\/pl\/wp-json\/wp\/v2\/media?parent=139932"}],"wp:term":[{"taxonomy":"author","embeddable":true,"href":"https:\/\/sunlightestate.com\/pl\/wp-json\/wp\/v2\/coauthors?post=139932"}],"curies":[{"name":"wp","href":"https:\/\/api.w.org\/{rel}","templated":true}]}}