{"id":139942,"date":"2020-05-12T19:35:06","date_gmt":"2020-05-12T17:35:06","guid":{"rendered":"https:\/\/sunlightestate.com\/?page_id=139942"},"modified":"2021-11-10T12:40:51","modified_gmt":"2021-11-10T11:40:51","slug":"dwupoziomowe-z-ogrodem","status":"publish","type":"page","link":"https:\/\/sunlightestate.com\/pl\/rynek-wtorny\/dwupoziomowe-z-ogrodem\/","title":{"rendered":"Rynek wt\u00f3rny &#8211; dwupoziomowe mieszkania z ogrodem w Alanyi"},"content":{"rendered":"\n<h2 class=\"h2-seo-content\" style=\"margin-top: 0;\">Mieszkanie z ogrodem w Alanyi w Turcji<\/h2>\n<p>Ogr\u00f3d jest ma\u0142\u0105 oaz\u0105 spokoju, miejscem, kt\u00f3re w u\u0142amku sekundy pozwoli spojrze\u0107 na rzeczywisto\u015b\u0107 z zupe\u0142nie innej perspektywy. Nic dziwnego, \u017ce domy z ogrodem ciesz\u0105 si\u0119 du\u017c\u0105 popularno\u015bci\u0105 \u2013 w\u0142asny skrawek przyrody to gwarancja kontaktu z natur\u0105 i pewny relaks niezale\u017cnie od sytuacji. Tym bardziej, je\u017celi m\u00f3wimy o nieruchomo\u015bci, znajduj\u0105cej si\u0119 w tak niezwyk\u0142ym miejscu, jak Alanya na Riwierze Tureckiej.\/p>\n<p>My\u015blimy, \u017ce posiadanie ogrodu wi\u0105\u017ce si\u0119 nie tylko z korzy\u015bciami, ale tak\u017ce z niedogodno\u015bciami. Martwimy si\u0119 \u017ce potrzebujemy olbrzymi\u0105 ilo\u015b\u0107 czasu na zaaran\u017cowanie ogrodu i zadbanie o niego. W Alanyi czas p\u0142ynie nieco inaczej. Tutaj kupuj\u0105c mieszkanie z ogrodem z rynku wt\u00f3rnego,  osiedlowy ogrodnik pomaga zadba\u0107 o Tw\u00f3j ogr\u00f3d, wi\u0119c nie jeste\u015b zdany sam na siebie. Wiemy \u017ce brak nale\u017cytej wiedzy oraz czasoch\u0142onno\u015b\u0107 w przygotowaniu w\u0142asnego ogrodu rodzi frustracje i zniech\u0119ca do podejmowania kolejnych krok\u00f3w. \n<\/p>\n<p>W wi\u0119kszo\u015bci osiedli mieszkalnych na Riwerze Tureckiej op\u0142acany czynsz zawiera w sobie cz\u0119\u015b\u0107 \u015brodk\u00f3w przeznaczonych na prac\u0119 ogrodnika, kt\u00f3ry zadba o Tw\u00f3j ogr\u00f3d, nawet gdy Ci\u0119 tu nie b\u0119dzie. Dlatego je\u015bli ziele\u0144 koi Twoje nerwy i szukasz gotowego do wej\u015bcia apartamentu,  wybierz mieszkanie z ogrodem z rynku wt\u00f3rnego.<\/p>\n<h2 class=\"h2-seo-content\">Kompleksowa pomoc w zakupie mieszkania z ogrodem w Turcji<\/h2>\n<p>Posiadanie mieszkania z ogrodem z rynku wt\u00f3rnego to same zalety. Marzysz o w\u0142asnych czterech k\u0105tach w atrakcyjnej, wiecznie zielonej i s\u0142onecznej krainie, ale martwisz si\u0119  o formalno\u015bci, kt\u00f3re wi\u0105\u017c\u0105 si\u0119 z posiadaniem nieruchomo\u015bci poza granicami Polski? Z naszym biurem nieruchomo\u015bci walka z biurokracj\u0105 Ci nie grozi! Pomo\u017cemy Ci w wype\u0142nieniu potrzebnych dokument\u00f3w oraz za\u0142atwieniu urz\u0119dniczych spraw, tak aby Twoim jednym problemem pozosta\u0142o prawid\u0142owe ustawienie le\u017cak\u00f3w! <\/p>\n<p>Zach\u0119camy do zapoznania si\u0119 z ofert\u0105 naszych mieszka\u0144 z ogrodem z rynku wt\u00f3rnego, gdzie mo\u017cna delektowa\u0107 si\u0119 fantastyczn\u0105 atmosfer\u0105. I to do zamieszkania od r\u0119ki! Nie czekaj zbyt d\u0142ugo, tylko sprawd\u017a ju\u017c dzi\u015b, jakie korzy\u015bci niesie ze sob\u0105 posiadanie w\u0142asnego mieszkania z ogrodem w Alanyi.<\/p>\n","protected":false},"excerpt":{"rendered":"<p>Mieszkanie z ogrodem w Alanyi w Turcji Ogr\u00f3d jest ma\u0142\u0105 oaz\u0105 spokoju, miejscem, kt\u00f3re w u\u0142amku sekundy pozwoli spojrze\u0107 na rzeczywisto\u015b\u0107 z zupe\u0142nie innej perspektywy. Nic dziwnego, \u017ce domy z ogrodem ciesz\u0105 si\u0119 du\u017c\u0105 popularno\u015bci\u0105 \u2013 w\u0142asny skrawek przyrody to gwarancja kontaktu z natur\u0105 i pewny relaks niezale\u017cnie od sytuacji. Tym bardziej, je\u017celi m\u00f3wimy o [&hellip;]<\/p>\n","protected":false},"author":1,"featured_media":0,"parent":139912,"menu_order":0,"comment_status":"closed","ping_status":"closed","template":"template-filtered-listings-main.php","meta":{"footnotes":""},"coauthors":[47],"class_list":["post-139942","page","type-page","status-publish","hentry"],"_links":{"self":[{"href":"https:\/\/sunlightestate.com\/pl\/wp-json\/wp\/v2\/pages\/139942","targetHints":{"allow":["GET"]}}],"collection":[{"href":"https:\/\/sunlightestate.com\/pl\/wp-json\/wp\/v2\/pages"}],"about":[{"href":"https:\/\/sunlightestate.com\/pl\/wp-json\/wp\/v2\/types\/page"}],"author":[{"embeddable":true,"href":"https:\/\/sunlightestate.com\/pl\/wp-json\/wp\/v2\/users\/1"}],"replies":[{"embeddable":true,"href":"https:\/\/sunlightestate.com\/pl\/wp-json\/wp\/v2\/comments?post=139942"}],"version-history":[{"count":0,"href":"https:\/\/sunlightestate.com\/pl\/wp-json\/wp\/v2\/pages\/139942\/revisions"}],"up":[{"embeddable":true,"href":"https:\/\/sunlightestate.com\/pl\/wp-json\/wp\/v2\/pages\/139912"}],"wp:attachment":[{"href":"https:\/\/sunlightestate.com\/pl\/wp-json\/wp\/v2\/media?parent=139942"}],"wp:term":[{"taxonomy":"author","embeddable":true,"href":"https:\/\/sunlightestate.com\/pl\/wp-json\/wp\/v2\/coauthors?post=139942"}],"curies":[{"name":"wp","href":"https:\/\/api.w.org\/{rel}","templated":true}]}}