{"id":139952,"date":"2020-05-12T19:49:34","date_gmt":"2020-05-12T17:49:34","guid":{"rendered":"https:\/\/sunlightestate.com\/?page_id=139952"},"modified":"2021-11-10T13:13:49","modified_gmt":"2021-11-10T12:13:49","slug":"dwupoziomowe-penthouse","status":"publish","type":"page","link":"https:\/\/sunlightestate.com\/pl\/rynek-wtorny\/dwupoziomowe-penthouse\/","title":{"rendered":"Rynek wt\u00f3rny &#8211; penthousy w Alanyi"},"content":{"rendered":"<h2 class=\"h2-seo-content\" style=\"margin-top:0;\">Nieruchomo\u015bci Alanya \u2013 penthouse rynek wt\u00f3rny<\/h2>\n<p>Komfortowy, kilkupokojowy, dwupoziomowy apartament w Alanyi z widokiem na morze i g\u00f3ry\u2026 brzmi jak marzenie? To marzenie ju\u017c dla wielu os\u00f3b z Europy, Azji, Rosji, Ukrainy i Polski sta\u0142o si\u0119 rzeczywisto\u015bci\u0105. Niekt\u00f3rzy kupuj\u0105 dla siebie, by m\u00f3c cieszy\u0107 si\u0119 wakacjami w Turcji w gronie swojej rodziny i znajomych w tym samym czasie. Inni obserwuj\u0105c tureck\u0105 gospodark\u0119 i demografi\u0119 widz\u0105 potencja\u0142 inwestycyjny i zwrot w\u0142o\u017conych \u015brodk\u00f3w w perspektywie 5-10 lat z konkretn\u0105 nadwy\u017ck\u0105. Nic dziwnego, \u017ce coraz wi\u0119cej os\u00f3b upatruje w nieruchomo\u015bciach w Turcji cenn\u0105 inwestycj\u0119, a rynek wt\u00f3rny mieszka\u0144 w Alanyi kwitnie. W kwestii takiej, jak inwestycja w penthouse z rynku wt\u00f3rnego w Alanyi nasza oferta jest bardzo bogata. W ko\u0144cu to dystrykt niezmiennie zwi\u0105zany z wakacyjnym wypoczynkiem, kt\u00f3ry urzeka bogactwem przyrody oraz zabytk\u00f3w. Dwupoziomowy penthouse z rynku wt\u00f3rnego mo\u017ce znajdowa\u0107 si\u0119 zaledwie kilka minut pieszo od pla\u017cy, a z jego tarasu mo\u017cliwe jest podziwianie g\u0142adkiego, morskiego horyzontu.<\/p>\n<p>Zawieraj\u0105c transakcj\u0119 poprzez polskiego po\u015brednika, zyskujesz wi\u0119ksze poczucie bezpiecze\u0144stwa i przejrzysto\u015b\u0107 zasad. Pomo\u017cemy Ci w kwestii dokumentacji i doradzimy w doborze idealnej nieruchomo\u015bci do Twoich indywidualnych preferencji, na przyk\u0142ad planowanych okres\u00f3w u\u017cytkowania.<\/p>\n<h2 class=\"h2-seo-content\">Interesuje Ci\u0119 penthouse rynek wt\u00f3rny? Skorzystaj z oferty Sunlight Estate<\/h2>\n<p>Nasza oferta penthouse\u2019\u00f3w z rynku wt\u00f3rnego w Alanyi jest nie tylko bogata, ale r\u00f3wnie\u017c szczeg\u00f3\u0142owa. Dbamy o rzeteln\u0105 prezentacj\u0119 ka\u017cdej nieruchomo\u015bci, uzupe\u0142niaj\u0105c j\u0105 o liczne fotografie oraz informacje, co stanowi atut zar\u00f3wno dla kupuj\u0105cych, jak i sprzedaj\u0105cych mieszkanie. Podajemy szczeg\u00f3\u0142y, mi\u0119dzy innymi na temat liczby pomieszcze\u0144, orientacji okien, umeblowania, zabezpiecze\u0144 czy udogodnie\u0144 znajduj\u0105cych si\u0119 w pobli\u017cu nieruchomo\u015bci. Mo\u017cesz sprawdzi\u0107 u nas dok\u0142adn\u0105 lokalizacj\u0119 penthouse\u2019u na mapie Google, szacuj\u0105c jego odleg\u0142o\u015b\u0107 od istotnych dla siebie punkt\u00f3w. Nasi klienci maj\u0105 zatem szans\u0119 na samodzieln\u0105, wst\u0119pn\u0105 selekcj\u0119 mieszka\u0144. Mog\u0105 jednak zda\u0107 si\u0119 wy\u0142\u0105cznie na nas, zlecaj\u0105c nam wyszukanie nieruchomo\u015bci pod indywidualne kryteria wyboru.<\/p>\n","protected":false},"excerpt":{"rendered":"<p>Nieruchomo\u015bci Alanya \u2013 penthouse rynek wt\u00f3rny Komfortowy, kilkupokojowy, dwupoziomowy apartament w Alanyi z widokiem na morze i g\u00f3ry\u2026 brzmi jak marzenie? To marzenie ju\u017c dla wielu os\u00f3b z Europy, Azji, Rosji, Ukrainy i Polski sta\u0142o si\u0119 rzeczywisto\u015bci\u0105. Niekt\u00f3rzy kupuj\u0105 dla siebie, by m\u00f3c cieszy\u0107 si\u0119 wakacjami w Turcji w gronie swojej rodziny i znajomych w [&hellip;]<\/p>\n","protected":false},"author":1,"featured_media":0,"parent":139912,"menu_order":0,"comment_status":"closed","ping_status":"closed","template":"template-filtered-listings-main.php","meta":{"footnotes":""},"coauthors":[47],"class_list":["post-139952","page","type-page","status-publish","hentry"],"_links":{"self":[{"href":"https:\/\/sunlightestate.com\/pl\/wp-json\/wp\/v2\/pages\/139952","targetHints":{"allow":["GET"]}}],"collection":[{"href":"https:\/\/sunlightestate.com\/pl\/wp-json\/wp\/v2\/pages"}],"about":[{"href":"https:\/\/sunlightestate.com\/pl\/wp-json\/wp\/v2\/types\/page"}],"author":[{"embeddable":true,"href":"https:\/\/sunlightestate.com\/pl\/wp-json\/wp\/v2\/users\/1"}],"replies":[{"embeddable":true,"href":"https:\/\/sunlightestate.com\/pl\/wp-json\/wp\/v2\/comments?post=139952"}],"version-history":[{"count":0,"href":"https:\/\/sunlightestate.com\/pl\/wp-json\/wp\/v2\/pages\/139952\/revisions"}],"up":[{"embeddable":true,"href":"https:\/\/sunlightestate.com\/pl\/wp-json\/wp\/v2\/pages\/139912"}],"wp:attachment":[{"href":"https:\/\/sunlightestate.com\/pl\/wp-json\/wp\/v2\/media?parent=139952"}],"wp:term":[{"taxonomy":"author","embeddable":true,"href":"https:\/\/sunlightestate.com\/pl\/wp-json\/wp\/v2\/coauthors?post=139952"}],"curies":[{"name":"wp","href":"https:\/\/api.w.org\/{rel}","templated":true}]}}