{"id":139962,"date":"2020-05-12T20:03:57","date_gmt":"2020-05-12T18:03:57","guid":{"rendered":"https:\/\/sunlightestate.com\/?page_id=139962"},"modified":"2021-11-10T13:18:05","modified_gmt":"2021-11-10T12:18:05","slug":"wille","status":"publish","type":"page","link":"https:\/\/sunlightestate.com\/pl\/rynek-wtorny\/wille\/","title":{"rendered":"Rynek wt\u00f3rny &#8211; wille na sprzeda\u017c w Alanyi"},"content":{"rendered":"\n<h2 class=\"h2-seo-content\" style=\"margin-top:0;\">Willa rynek wt\u00f3rny Turcja Alanya<\/h2>\n<p>Je\u017celi interesuje Ci\u0119 bogata oferta willi z rynku wt\u00f3rnego w Turcji u polskiego po\u015brednika, biuro nieruchomo\u015bci Sunlight Estate ma Ci wiele do zaoferowania. Jeste\u015bmy licencjonowanym biurem nieruchomo\u015bci, kt\u00f3re dzia\u0142a w regionie Alanya na Riwierze Tureckiej. Nasz\u0105 specjalizacj\u0119 stanowi po\u015brednictwo w sprzeda\u017cy i zakupie nie tylko mieszka\u0144 i apartament\u00f3w, ale r\u00f3wnie\u017c dom\u00f3w oraz willi. Dla naszych klient\u00f3w wyszukujemy nieruchomo\u015bci komercyjne na indywidualne zlecenia. Pomagamy tak\u017ce w zyskownej sprzeda\u017cy. Maj\u0105c na uwadze komfort i bezpiecze\u0144stwo wsp\u00f3\u0142pracuj\u0105cych z nami os\u00f3b, \u0142\u0105czymy do\u015bwiadczenie w nieruchomo\u015bciach na rynku polskim z europejskimi standardami pracy po\u015brednika oraz praktykami na rynku tureckim.<\/p>\n<h2 class=\"h2-seo-content\">Interesuje Ci\u0119 willa z rynku wt\u00f3rnego w Turcji? Wsp\u00f3\u0142pracuj z Sunlight Estate<\/h2>\n<p>Sunlight Estate to rozwijaj\u0105ca si\u0119 firma, kt\u00f3ra kieruje si\u0119 etyk\u0105 zawodow\u0105 oraz dobrem swoich klient\u00f3w. Spo\u015br\u00f3d setek ofert willi dost\u0119pnych na rynku wt\u00f3rnym w Turcji pomo\u017cemy Ci wybra\u0107 idealn\u0105 nieruchomo\u015b\u0107 dopasowan\u0105 do Twoich potrzeb. W kwestii takiej jak willa rynek wt\u00f3rny w Alanyi wachlarz ofert jest naprawd\u0119 szeroki, dlatego warto skorzysta\u0107 ze wsparcia do\u015bwiadczonego po\u015brednika. Gwarantujemy rzeteln\u0105 prezentacj\u0119 ka\u017cdej oferty, popart\u0105 profesjonaln\u0105 dokumentacj\u0105 zdj\u0119ciow\u0105 oraz opisem z uwzgl\u0119dnionymi szczeg\u00f3\u0142ami.<\/p>\n<p>Bazuj\u0105c na wiedzy i do\u015bwiadczeniu mi\u0119dzynarodowego po\u015brednictwa nieruchomo\u015bci, kt\u00f3re zdobywamy w Turcji, od 2008 roku, rozumiemy potrzeby naszych klient\u00f3w i jeste\u015bmy w stanie spe\u0142ni\u0107 je poprzez profesjonalne doradztwo i asyst\u0119 na ca\u0142ym etapie przeprowadzania transakcji. Zapraszamy ka\u017cdego, kto planuje kupi\u0107 lub sprzeda\u0107 will\u0119 w regionie Alanyi!<\/p>\n","protected":false},"excerpt":{"rendered":"<p>Willa rynek wt\u00f3rny Turcja Alanya Je\u017celi interesuje Ci\u0119 bogata oferta willi z rynku wt\u00f3rnego w Turcji u polskiego po\u015brednika, biuro nieruchomo\u015bci Sunlight Estate ma Ci wiele do zaoferowania. Jeste\u015bmy licencjonowanym biurem nieruchomo\u015bci, kt\u00f3re dzia\u0142a w regionie Alanya na Riwierze Tureckiej. Nasz\u0105 specjalizacj\u0119 stanowi po\u015brednictwo w sprzeda\u017cy i zakupie nie tylko mieszka\u0144 i apartament\u00f3w, ale r\u00f3wnie\u017c [&hellip;]<\/p>\n","protected":false},"author":1,"featured_media":0,"parent":139912,"menu_order":0,"comment_status":"closed","ping_status":"closed","template":"template-filtered-listings-main.php","meta":{"footnotes":""},"coauthors":[47],"class_list":["post-139962","page","type-page","status-publish","hentry"],"_links":{"self":[{"href":"https:\/\/sunlightestate.com\/pl\/wp-json\/wp\/v2\/pages\/139962","targetHints":{"allow":["GET"]}}],"collection":[{"href":"https:\/\/sunlightestate.com\/pl\/wp-json\/wp\/v2\/pages"}],"about":[{"href":"https:\/\/sunlightestate.com\/pl\/wp-json\/wp\/v2\/types\/page"}],"author":[{"embeddable":true,"href":"https:\/\/sunlightestate.com\/pl\/wp-json\/wp\/v2\/users\/1"}],"replies":[{"embeddable":true,"href":"https:\/\/sunlightestate.com\/pl\/wp-json\/wp\/v2\/comments?post=139962"}],"version-history":[{"count":0,"href":"https:\/\/sunlightestate.com\/pl\/wp-json\/wp\/v2\/pages\/139962\/revisions"}],"up":[{"embeddable":true,"href":"https:\/\/sunlightestate.com\/pl\/wp-json\/wp\/v2\/pages\/139912"}],"wp:attachment":[{"href":"https:\/\/sunlightestate.com\/pl\/wp-json\/wp\/v2\/media?parent=139962"}],"wp:term":[{"taxonomy":"author","embeddable":true,"href":"https:\/\/sunlightestate.com\/pl\/wp-json\/wp\/v2\/coauthors?post=139962"}],"curies":[{"name":"wp","href":"https:\/\/api.w.org\/{rel}","templated":true}]}}