{"id":160550,"date":"2020-10-10T17:15:11","date_gmt":"2020-10-10T15:15:11","guid":{"rendered":"https:\/\/sunlightestate.com\/?page_id=160550"},"modified":"2021-07-20T22:42:35","modified_gmt":"2021-07-20T20:42:35","slug":"all-listings","status":"publish","type":"page","link":"https:\/\/sunlightestate.com\/pl\/na-wynajem\/wille\/all-listings\/","title":{"rendered":"Willa do wynaj\u0119cia w Alanyi"},"content":{"rendered":"\n<p>Zastanawiasz si\u0119 nad d\u0142u\u017cszymi wakacjami w Turcji? Je\u015bli tak, to koniecznie zapoznaj si\u0119 z nasz\u0105 ofert\u0105&nbsp;<strong>dom\u00f3w na wynajem<\/strong>! Oferujemy w<strong> pe\u0142ni wyposa\u017cone domy,<\/strong> najcz\u0119\u015bciej z basenami , zlokalizowane w widokowych zak\u0105tkach Alanyi. Skontaktuj si\u0119 z nami poprzez Whats app,&nbsp; e-mail lub wy\u015blij zapytanie prosto spod oferty! Odpowiemy tak szybko, jak jest to mo\u017cliwe. Potwierdzimy dost\u0119pno\u015b\u0107 oferty i wy\u015blemy ci wz\u00f3r umowy najmu zawieraj\u0105cej warunki i dok\u0142adny opis tego, co wliczone jest w cen\u0119 wynajmu. Wp\u0142acasz zaliczk\u0119 i otrzymujesz potwierdzenie rezerwacji. Teraz mo\u017cesz zam\u00f3wi\u0107 dodatkowe us\u0142ugi m.in. transfer z lotniska do wynaj\u0119tej przez ciebie willi w Alanyi czy te\u017c zakupy spo\u017cywcze, \u017ceby w lod\u00f3wce by\u0142o na dobry pocz\u0105tek co\u015b wi\u0119cej ni\u017c \u015bwiat\u0142o Mo\u017cesz r\u00f3wnie\u017c zaaran\u017cowa\u0107 z nami \u201eprzywitanie niespodziank\u0119\u201d. \u015awie\u017ce kwiaty, \u015bwiece , sch\u0142odzony szampan i kolacja na tarasie z widokiem np. na pi\u0119knie o\u015bwietlone wzg\u00f3rze zamkowe. Kr\u00f3tko m\u00f3wi\u0105c z nami mo\u017cesz zrealizowa\u0107 indywidualne i wyj\u0105tkowe wakacje w Alanyi. Nie b\u00f3j si\u0119 organizowa\u0107 wakacji na w\u0142asn\u0105 r\u0119k\u0119, daj ponie\u015b\u0107 si\u0119 marzeniom i zrealizuj swoje wyczekane wakacje z Sunlight Estate.&nbsp;<\/p>\n","protected":false},"excerpt":{"rendered":"<p>Zastanawiasz si\u0119 nad d\u0142u\u017cszymi wakacjami w Turcji? Je\u015bli tak, to koniecznie zapoznaj si\u0119 z nasz\u0105 ofert\u0105&nbsp;dom\u00f3w na wynajem! Oferujemy w pe\u0142ni wyposa\u017cone domy, najcz\u0119\u015bciej z basenami , zlokalizowane w widokowych zak\u0105tkach Alanyi. Skontaktuj si\u0119 z nami poprzez Whats app,&nbsp; e-mail lub wy\u015blij zapytanie prosto spod oferty! Odpowiemy tak szybko, jak jest to mo\u017cliwe. Potwierdzimy dost\u0119pno\u015b\u0107 [&hellip;]<\/p>\n","protected":false},"author":1,"featured_media":0,"parent":145732,"menu_order":0,"comment_status":"closed","ping_status":"closed","template":"template-filtered-listings.php","meta":{"footnotes":""},"coauthors":[47],"class_list":["post-160550","page","type-page","status-publish","hentry"],"_links":{"self":[{"href":"https:\/\/sunlightestate.com\/pl\/wp-json\/wp\/v2\/pages\/160550","targetHints":{"allow":["GET"]}}],"collection":[{"href":"https:\/\/sunlightestate.com\/pl\/wp-json\/wp\/v2\/pages"}],"about":[{"href":"https:\/\/sunlightestate.com\/pl\/wp-json\/wp\/v2\/types\/page"}],"author":[{"embeddable":true,"href":"https:\/\/sunlightestate.com\/pl\/wp-json\/wp\/v2\/users\/1"}],"replies":[{"embeddable":true,"href":"https:\/\/sunlightestate.com\/pl\/wp-json\/wp\/v2\/comments?post=160550"}],"version-history":[{"count":0,"href":"https:\/\/sunlightestate.com\/pl\/wp-json\/wp\/v2\/pages\/160550\/revisions"}],"up":[{"embeddable":true,"href":"https:\/\/sunlightestate.com\/pl\/wp-json\/wp\/v2\/pages\/145732"}],"wp:attachment":[{"href":"https:\/\/sunlightestate.com\/pl\/wp-json\/wp\/v2\/media?parent=160550"}],"wp:term":[{"taxonomy":"author","embeddable":true,"href":"https:\/\/sunlightestate.com\/pl\/wp-json\/wp\/v2\/coauthors?post=160550"}],"curies":[{"name":"wp","href":"https:\/\/api.w.org\/{rel}","templated":true}]}}