{"id":170255,"date":"2020-11-05T01:54:23","date_gmt":"2020-11-05T00:54:23","guid":{"rendered":"https:\/\/sunlightestate.com\/re-sale\/zabytkowe-domy-na-sprzedaz-w-alanyi\/"},"modified":"2021-11-10T12:15:16","modified_gmt":"2021-11-10T11:15:16","slug":"zabytkowe-domy","status":"publish","type":"page","link":"https:\/\/sunlightestate.com\/pl\/rynek-wtorny\/zabytkowe-domy\/","title":{"rendered":"Rynek wt\u00f3rny &#8211; zabytkowe domy na sprzeda\u017c w Alanyi"},"content":{"rendered":"<h2 class=\"h2-seo-content\" style=\"margin-top:0;\">Zabytkowe domy z rynku wt\u00f3rnego w Turcji<\/h2>\n<p>Doskona\u0142a pogoda, pi\u0119kne pla\u017ce i zapieraj\u0105ce dech w piersiach zabytki \u2013 Alanya to nadmorskie miasto w Turcji, kt\u00f3re staje si\u0119 coraz popularniejsze w\u015br\u00f3d Polak\u00f3w, nie tylko pod k\u0105tem turystycznym, ale coraz cz\u0119\u015bciej pod k\u0105tem inwestycyjnym. Pobyt wakacyjny w tym mie\u015bcie wywo\u0142uje nie tylko przyjemne wspomnienia, ale mo\u017ce zainspirowa\u0107 niejednego do zakupu tureckiego, zabytkowego domu typu dworek czyli tzw. turecki KONAK. S\u0105 to architektonicznie bardzo ciekawe budynki z wieloletni\u0105 tradycj\u0105. Cz\u0119sto z w\u0142asn\u0105 studni\u0105, pi\u0119knymi widokowymi tarasami i grubymi skalnymi murami. Niekt\u00f3re z tych starych zabytk\u00f3w s\u0105 dos\u0142ownie zbudowane w skale \u2013 wiele ma\u0142ych, lecz wysokich pomieszcze\u0144, wyko\u0144czonych w stylu alanijskim.<\/p>\n<h2 class=\"h2-seo-content\">Polski po\u015brednik a kupno zabytkowego domu w Turcji<\/h2>\n<p>Zakup zabytkowego alanijskiego domu to doskona\u0142a inwestycja na przysz\u0142o\u015b\u0107. Dlaczego? Nadmorska lokalizacja i g\u00f3ry Taurus zapewniaj\u0105 \u015bwietny wypoczynek w\u015br\u00f3d miast Riwiery Tureckiej. Alanya to pe\u0142ne \u017cycia miejsce, w kt\u00f3rym poczujesz wakacyjny luz i odpoczniesz od zgie\u0142ku europejskich metropolii. Gdy do tego dodasz s\u0142o\u0144ce, Morze \u015ar\u00f3dziemne i G\u00f3ry Taurus w jednej miejscowo\u015bci, jasno wida\u0107 \u017ce zapotrzebowanie na orientalne wakacje jest gwarantowane. Taka nieruchomo\u015b\u0107 nie straci na warto\u015bci, zabezpieczy Twoje finanse i da Ci mo\u017cliwo\u015b\u0107 zarobku. Taki obiekt mo\u017cna wydzier\u017cawi\u0107 pod restauracje, hotel czy te\u017c odda\u0107 pod opiek\u0119 firmie zarz\u0105dzaj\u0105cej.<\/p>\n<p>Nasze biuro nieruchomo\u015bci Sunlight Estate pomo\u017ce Pa\u0144stwu w wyborze najlepszego zabytkowego domu w zale\u017cno\u015bci od indywidualnych ustale\u0144 dotycz\u0105cych celu zakupu. Wi\u0119c je\u015bli szukasz czego\u015b wyj\u0105tkowego, to we\u017a pod uwag\u0119, \u017ce staro-turecki dom typu dworkowego lub nieco mniejszy klasyczny alanijski dom mog\u0105 by\u0107 dla Ciebie dobrym rozwi\u0105zaniem. Tego typu domy stanowi\u0105 bardzo ma\u0142y procent Tureckiego rynku nieruchomo\u015bci \u2013 wi\u0119kszo\u015b\u0107 z nich nie jest oficjalnie reklamowana, a dla Klienta, kt\u00f3ry zleca nam wyszukanie takiego obiektu przedstawiamy niepowtarzaln\u0105 i dopasowan\u0105 do zamawiaj\u0105cego ofert\u0119. Dzi\u0119ki wieloletniemu do\u015bwiadczeniu w wyszukiwaniu najpi\u0119kniejszych zabytkowych dom\u00f3w w Turcji, jeste\u015bmy w stanie sprosta\u0107 ka\u017cdym, nawet najbardziej wyg\u00f3rowanym potrzebom.<\/p>\n","protected":false},"excerpt":{"rendered":"<p>Zabytkowe domy z rynku wt\u00f3rnego w Turcji Doskona\u0142a pogoda, pi\u0119kne pla\u017ce i zapieraj\u0105ce dech w piersiach zabytki \u2013 Alanya to nadmorskie miasto w Turcji, kt\u00f3re staje si\u0119 coraz popularniejsze w\u015br\u00f3d Polak\u00f3w, nie tylko pod k\u0105tem turystycznym, ale coraz cz\u0119\u015bciej pod k\u0105tem inwestycyjnym. Pobyt wakacyjny w tym mie\u015bcie wywo\u0142uje nie tylko przyjemne wspomnienia, ale mo\u017ce zainspirowa\u0107 [&hellip;]<\/p>\n","protected":false},"author":1,"featured_media":0,"parent":139912,"menu_order":0,"comment_status":"closed","ping_status":"closed","template":"template-filtered-listings-main.php","meta":{"footnotes":""},"coauthors":[47],"class_list":["post-170255","page","type-page","status-publish","hentry"],"_links":{"self":[{"href":"https:\/\/sunlightestate.com\/pl\/wp-json\/wp\/v2\/pages\/170255","targetHints":{"allow":["GET"]}}],"collection":[{"href":"https:\/\/sunlightestate.com\/pl\/wp-json\/wp\/v2\/pages"}],"about":[{"href":"https:\/\/sunlightestate.com\/pl\/wp-json\/wp\/v2\/types\/page"}],"author":[{"embeddable":true,"href":"https:\/\/sunlightestate.com\/pl\/wp-json\/wp\/v2\/users\/1"}],"replies":[{"embeddable":true,"href":"https:\/\/sunlightestate.com\/pl\/wp-json\/wp\/v2\/comments?post=170255"}],"version-history":[{"count":0,"href":"https:\/\/sunlightestate.com\/pl\/wp-json\/wp\/v2\/pages\/170255\/revisions"}],"up":[{"embeddable":true,"href":"https:\/\/sunlightestate.com\/pl\/wp-json\/wp\/v2\/pages\/139912"}],"wp:attachment":[{"href":"https:\/\/sunlightestate.com\/pl\/wp-json\/wp\/v2\/media?parent=170255"}],"wp:term":[{"taxonomy":"author","embeddable":true,"href":"https:\/\/sunlightestate.com\/pl\/wp-json\/wp\/v2\/coauthors?post=170255"}],"curies":[{"name":"wp","href":"https:\/\/api.w.org\/{rel}","templated":true}]}}