{"id":235068,"date":"2021-11-05T10:48:46","date_gmt":"2021-11-05T09:48:46","guid":{"rendered":"https:\/\/sunlightestate.com\/wyszukiwarka-najmow-2\/"},"modified":"2022-02-18T12:36:46","modified_gmt":"2022-02-18T11:36:46","slug":"wyszukiwarka-najmow-2","status":"publish","type":"page","link":"https:\/\/sunlightestate.com\/pl\/wyszukiwarka-najmow-2\/","title":{"rendered":"Wszystkie oferty"},"content":{"rendered":"<h2 class=\"h2-seo-content\" style=\"margin-top: 0;\">Mieszkania na wynajem Alanya \u2013 dlaczego warto sp\u0119dzi\u0107 tutaj urlop?<\/h2>\n<p>Alanya to destynacja, kt\u00f3r\u0105 pokocha ka\u017cdy mi\u0142o\u015bnik pi\u0119knej, s\u0142onecznej pogody, piaszczystych pla\u017c i \u0142agodnego klimatu. Tutejsze warunki pogodowe czyni\u0105 miasto najcieplejszym spo\u015br\u00f3d wszystkich du\u017cych o\u015brodk\u00f3w turystycznych w Turcji, co przek\u0142ada si\u0119 na ogromn\u0105 popularno\u015b\u0107 ca\u0142ego regionu. Je\u015bli interesuj\u0105 Ci\u0119 <strong>najmy kr\u00f3tkoterminowe Alanya<\/strong> jest miejscem, w kt\u00f3rym mo\u017cemy zaproponowa\u0107 niezwykle bogat\u0105 ofert\u0119: od mieszka\u0144 typu studio, poprzez lofty, apartamenty i domy, a\u017c po w pe\u0142ni wyposa\u017cone, luksusowe wille.<\/p>\n<h2 class=\"h2-seo-content\">Najmy kr\u00f3tkoterminowe Alanya \u2013 ju\u017c od 40 Euro za dob\u0119<\/h2>\n<p>Je\u015bli chodzi o mieszkania i <strong>domy na wynajem Alanya<\/strong> przyci\u0105ga bogat\u0105 baz\u0105 lokalow\u0105 oraz atrakcyjnymi cenami. Koszty najmu s\u0105 tu znacznie ni\u017csze ni\u017c w wielu krajach Unii Europejskiej. Co wi\u0119cej, chc\u0105c wynaj\u0105\u0107 mieszkanie, kawalerk\u0119, penthouse czy dom, nie musisz przejmowa\u0107 si\u0119 formalno\u015bciami, poniewa\u017c to my bierzemy na siebie wszystkie niezb\u0119dne kwestie.<\/p>\n<p>W naszej starannie wyselekcjonowanej ofercie znajdziesz oferty najmu kr\u00f3tkoterminowego zaczynaj\u0105ce si\u0119 ju\u017c od 40 Euro za dob\u0119. To o wiele mniej, ni\u017c kosztuje nocleg w \u015bredniej kasy hotelach zlokalizowanych w modnych kurortach turystycznych na terenie Turcji. Oferujemy atrakcyjne nieruchomo\u015bci na wynajem po\u0142o\u017cone zar\u00f3wno blisko morza, z kt\u00f3rych doj\u015bcie na pla\u017c\u0119 zajmie Ci kilka minut, jak i zlokalizowane w centrum miasta, doskonale skomunikowane domy i wille na wynajem w Alanyi.<\/p>\n<h2 class=\"h2-seo-content\">Najmy d\u0142ugoterminowe Alanya<\/h2>\n<p>Je\u015bli szukasz czego\u015b na d\u0142u\u017cej, u nas r\u00f3wnie\u017c znajdziesz propozycj\u0119 idealnie dopasowan\u0105 do Twoich potrzeb. Inwestorom, kt\u00f3rych interesuj\u0105 <strong>najmy d\u0142ugoterminowe Alanya<\/strong> proponuje szeroki wyb\u00f3r mieszka\u0144, willi oraz dom\u00f3w \u2013 cz\u0119sto z prywatnym ogrodem oraz basenem. Zdecydowana wi\u0119kszo\u015b\u0107 tego typu obiekt\u00f3w to budynki nowe \u2013 w naszej ofercie dom\u00f3w i mieszka\u0144 na wynajem nie znajdziesz nieruchomo\u015bci starszych ni\u017c dziesi\u0119cioletnie, co gwarantuje wysoki komfort oraz dost\u0119p do nowoczesnych rozwi\u0105za\u0144 i technologii, takich jak:<\/p>\n<ul style=\"list-style-type: disc; list-style-position: inside;\">\n<li>bezprzewodowy, szybki internet,<\/li>\n<li>wielofunkcyjna klimatyzacja,<\/li>\n<li>pe\u0142ne umeblowanie,<\/li>\n<li>granitowe pod\u0142ogi,<\/li>\n<\/ul>\n<p>a tak\u017ce wiele innych udogodnie\u0144, charakterystycznych dla bardzo wysokiego standardu budownictwa. Je\u015bli interesuj\u0105 Ci\u0119 komfortowe i zarazem przyst\u0119pne cenowo wille lub <strong>mieszkania na wynajem Alanya<\/strong> oferuje atrakcyjne warunki najmu d\u0142ugoterminowego \u2013 ju\u017c od 315 Euro za miesi\u0105c.<\/p>\n<h2 class=\"h2-seo-content\">Wille na wynajem Alanya \u2013 najwi\u0119kszy wyb\u00f3r obiekt\u00f3w klasy premium<\/h2>\n<p>Zar\u00f3wno apartamenty, jak i domy na wynajem w Alanyi dost\u0119pne s\u0105 we wszystkich najpopularniejszych dzielnicach miasta. W naszej ofercie znajdziesz nie tylko lokale z bezpo\u015brednim widokiem na morze, zlokalizowane w pierwszej linii zabudowy w Saray czy Mahmutlar, ale tak\u017ce oddalone o ok. 1 km od pla\u017cy atrakcyjne nieruchomo\u015bci w Cikcilli czy Tosmur.<\/p>\n<h2 class=\"h2-seo-content\">Domy na wynajem Alanya \u2013 poczuj si\u0119 jak u siebie!<\/h2>\n<p>Zapraszamy do zapoznania si\u0119 z bogat\u0105 ofert\u0105 kr\u00f3tkoterminowego oraz d\u0142ugoterminowego wynajmu mieszka\u0144, apartament\u00f3w, dom\u00f3w oraz luksusowych willi w Alanyi. W razie dodatkowych pyta\u0144 jeste\u015bmy do pe\u0142nej dyspozycji \u2013 z przyjemno\u015bci\u0105 pomo\u017cemy dope\u0142ni\u0107 wszystkich formalno\u015bci. Znajd\u017a idealn\u0105 nieruchomo\u015b\u0107 dla siebie i czuj si\u0119 jak w domu!<\/p>\n\n\n<p><\/p>\n\n\n\n<p><\/p>\n","protected":false},"excerpt":{"rendered":"<p>Mieszkania na wynajem Alanya \u2013 dlaczego warto sp\u0119dzi\u0107 tutaj urlop? Alanya to destynacja, kt\u00f3r\u0105 pokocha ka\u017cdy mi\u0142o\u015bnik pi\u0119knej, s\u0142onecznej pogody, piaszczystych pla\u017c i \u0142agodnego klimatu. Tutejsze warunki pogodowe czyni\u0105 miasto najcieplejszym spo\u015br\u00f3d wszystkich du\u017cych o\u015brodk\u00f3w turystycznych w Turcji, co przek\u0142ada si\u0119 na ogromn\u0105 popularno\u015b\u0107 ca\u0142ego regionu. Je\u015bli interesuj\u0105 Ci\u0119 najmy kr\u00f3tkoterminowe Alanya jest miejscem, w [&hellip;]<\/p>\n","protected":false},"author":1,"featured_media":0,"parent":0,"menu_order":0,"comment_status":"closed","ping_status":"closed","template":"template-filtered-listings.php","meta":{"footnotes":""},"coauthors":[47],"class_list":["post-235068","page","type-page","status-publish","hentry"],"_links":{"self":[{"href":"https:\/\/sunlightestate.com\/pl\/wp-json\/wp\/v2\/pages\/235068","targetHints":{"allow":["GET"]}}],"collection":[{"href":"https:\/\/sunlightestate.com\/pl\/wp-json\/wp\/v2\/pages"}],"about":[{"href":"https:\/\/sunlightestate.com\/pl\/wp-json\/wp\/v2\/types\/page"}],"author":[{"embeddable":true,"href":"https:\/\/sunlightestate.com\/pl\/wp-json\/wp\/v2\/users\/1"}],"replies":[{"embeddable":true,"href":"https:\/\/sunlightestate.com\/pl\/wp-json\/wp\/v2\/comments?post=235068"}],"version-history":[{"count":0,"href":"https:\/\/sunlightestate.com\/pl\/wp-json\/wp\/v2\/pages\/235068\/revisions"}],"wp:attachment":[{"href":"https:\/\/sunlightestate.com\/pl\/wp-json\/wp\/v2\/media?parent=235068"}],"wp:term":[{"taxonomy":"author","embeddable":true,"href":"https:\/\/sunlightestate.com\/pl\/wp-json\/wp\/v2\/coauthors?post=235068"}],"curies":[{"name":"wp","href":"https:\/\/api.w.org\/{rel}","templated":true}]}}