{"id":276821,"date":"2022-08-09T12:17:03","date_gmt":"2022-08-09T10:17:03","guid":{"rendered":"https:\/\/sunlightestate.com\/?page_id=276821"},"modified":"2023-07-19T20:58:01","modified_gmt":"2023-07-19T18:58:01","slug":"login-user","status":"publish","type":"page","link":"https:\/\/sunlightestate.com\/pl\/login-user\/","title":{"rendered":"Logowanie"},"content":{"rendered":"\n<div class=\"wp-block-columns is-layout-flex wp-container-core-columns-is-layout-9d6595d7 wp-block-columns-is-layout-flex\">\n<div class=\"wp-block-column is-layout-flow wp-block-column-is-layout-flow\">\n<h2 class=\"wp-block-heading has-black-color has-text-color\">Logowanie<\/h2>\n\n\n\n<div class=\"forminator-guttenberg\"><form id=\"forminator-module-276815\" class=\"forminator-custom-form forminator-custom-form-276815\" method=\"post\" data-forminator-render=\"0\" data-uid=\"69d36d702f30c\"><div role=\"alert\" aria-live=\"polite\" class=\"forminator-response-message forminator-error\" aria-hidden=\"true\"><\/div><\/form><\/div>\n<\/div>\n\n\n\n<div class=\"wp-block-column login-register-forms ticss-a0de4445 has-black-color has-text-color is-layout-flow wp-block-column-is-layout-flow\">\n<h2 class=\"wp-block-heading has-text-align-center\">Nie masz konta?<\/h2>\n\n\n\n<div class=\"wp-block-buttons is-content-justification-center is-layout-flex wp-container-core-buttons-is-layout-16018d1d wp-block-buttons-is-layout-flex\">\n<div class=\"wp-block-button is-style-fill\"><a class=\"wp-block-button__link has-background has-text-align-center wp-element-button\" href=\"https:\/\/sunlightestate.com\/pl\/rejestracja\/\" style=\"border-radius:4px;background-color:#17a8e3\">Zarejestruj si\u0119 teraz<\/a><\/div>\n<\/div>\n\n\n\n<div class=\"wp-block-columns is-layout-flex wp-container-core-columns-is-layout-9d6595d7 wp-block-columns-is-layout-flex\">\n<div class=\"wp-block-column is-layout-flow wp-block-column-is-layout-flow\" style=\"flex-basis:66.66%\">\n<p class=\"has-text-align-center\"><strong>Dost\u0119p do portalu klienta<\/strong> Dost\u0119p do wszystkich Twoich spraw w jednym miejscu w sta\u0142ym kontakcie z naszymi agentami<\/p>\n<\/div>\n\n\n\n<div class=\"wp-block-column is-layout-flow wp-block-column-is-layout-flow\" style=\"flex-basis:33.33%\">\n<figure class=\"wp-block-image size-full\"><img decoding=\"async\" width=\"512\" height=\"512\" data-src=\"https:\/\/sunlightestate.com\/wp-content\/uploads\/2023\/04\/crm.png\" alt=\"\" class=\"wp-image-310693 lazyload\" data-srcset=\"https:\/\/sunlightestate.com\/wp-content\/uploads\/2023\/04\/crm.png 512w, https:\/\/sunlightestate.com\/wp-content\/uploads\/2023\/04\/crm-150x150.png 150w\" data-sizes=\"(max-width: 512px) 100vw, 512px\" src=\"data:image\/gif;base64,R0lGODlhAQABAAAAACH5BAEKAAEALAAAAAABAAEAAAICTAEAOw==\" style=\"--smush-placeholder-width: 512px; --smush-placeholder-aspect-ratio: 512\/512;\" \/><\/figure>\n<\/div>\n<\/div>\n\n\n\n<div class=\"wp-block-columns is-layout-flex wp-container-core-columns-is-layout-9d6595d7 wp-block-columns-is-layout-flex\">\n<div class=\"wp-block-column is-layout-flow wp-block-column-is-layout-flow\"><\/div>\n\n\n\n<div class=\"wp-block-column is-layout-flow wp-block-column-is-layout-flow\"><div class=\"wp-block-image\">\n<figure class=\"aligncenter size-full is-resized\"><img decoding=\"async\" data-src=\"https:\/\/sunlightestate.com\/wp-content\/uploads\/2023\/04\/favourite.png\" alt=\"\" class=\"wp-image-310691 lazyload\" width=\"134\" height=\"134\" data-srcset=\"https:\/\/sunlightestate.com\/wp-content\/uploads\/2023\/04\/favourite.png 512w, https:\/\/sunlightestate.com\/wp-content\/uploads\/2023\/04\/favourite-150x150.png 150w\" data-sizes=\"(max-width: 134px) 100vw, 134px\" src=\"data:image\/gif;base64,R0lGODlhAQABAAAAACH5BAEKAAEALAAAAAABAAEAAAICTAEAOw==\" style=\"--smush-placeholder-width: 134px; --smush-placeholder-aspect-ratio: 134\/134;\" \/><figcaption class=\"wp-element-caption\"><strong>Ulubione oferty<\/strong><\/figcaption><\/figure>\n<\/div><\/div>\n<\/div>\n\n\n\n<div class=\"wp-block-columns is-layout-flex wp-container-core-columns-is-layout-9d6595d7 wp-block-columns-is-layout-flex\">\n<div class=\"wp-block-column is-layout-flow wp-block-column-is-layout-flow\" style=\"flex-basis:33.33%\">\n<figure class=\"wp-block-image size-full is-resized\"><img decoding=\"async\" data-src=\"https:\/\/sunlightestate.com\/wp-content\/uploads\/2023\/04\/bell.png\" alt=\"\" class=\"wp-image-310689 lazyload\" width=\"105\" height=\"105\" data-srcset=\"https:\/\/sunlightestate.com\/wp-content\/uploads\/2023\/04\/bell.png 512w, https:\/\/sunlightestate.com\/wp-content\/uploads\/2023\/04\/bell-150x150.png 150w\" data-sizes=\"(max-width: 105px) 100vw, 105px\" src=\"data:image\/gif;base64,R0lGODlhAQABAAAAACH5BAEKAAEALAAAAAABAAEAAAICTAEAOw==\" style=\"--smush-placeholder-width: 105px; --smush-placeholder-aspect-ratio: 105\/105;\" \/><\/figure>\n<\/div>\n\n\n\n<div class=\"wp-block-column is-layout-flow wp-block-column-is-layout-flow\" style=\"flex-basis:66.66%\">\n<p class=\"has-text-align-center\"><strong>Alerty <\/strong><br>od razu kiedy nowa oferta spe\u0142niaj\u0105ce Twoje wymagania zostanie opublikowana &#8211; wy\u015blemy emaila<\/p>\n<\/div>\n<\/div>\n<\/div>\n<\/div>\n","protected":false},"excerpt":{"rendered":"<p>Logowanie Nie masz konta? Dost\u0119p do portalu klienta Dost\u0119p do wszystkich Twoich spraw w jednym miejscu w sta\u0142ym kontakcie z naszymi agentami Alerty od razu kiedy nowa oferta spe\u0142niaj\u0105ce Twoje wymagania zostanie opublikowana &#8211; wy\u015blemy emaila<\/p>\n","protected":false},"author":1,"featured_media":0,"parent":0,"menu_order":0,"comment_status":"closed","ping_status":"closed","template":"template-full-width.php","meta":{"footnotes":""},"coauthors":[47],"class_list":["post-276821","page","type-page","status-publish","hentry"],"_links":{"self":[{"href":"https:\/\/sunlightestate.com\/pl\/wp-json\/wp\/v2\/pages\/276821","targetHints":{"allow":["GET"]}}],"collection":[{"href":"https:\/\/sunlightestate.com\/pl\/wp-json\/wp\/v2\/pages"}],"about":[{"href":"https:\/\/sunlightestate.com\/pl\/wp-json\/wp\/v2\/types\/page"}],"author":[{"embeddable":true,"href":"https:\/\/sunlightestate.com\/pl\/wp-json\/wp\/v2\/users\/1"}],"replies":[{"embeddable":true,"href":"https:\/\/sunlightestate.com\/pl\/wp-json\/wp\/v2\/comments?post=276821"}],"version-history":[{"count":0,"href":"https:\/\/sunlightestate.com\/pl\/wp-json\/wp\/v2\/pages\/276821\/revisions"}],"wp:attachment":[{"href":"https:\/\/sunlightestate.com\/pl\/wp-json\/wp\/v2\/media?parent=276821"}],"wp:term":[{"taxonomy":"author","embeddable":true,"href":"https:\/\/sunlightestate.com\/pl\/wp-json\/wp\/v2\/coauthors?post=276821"}],"curies":[{"name":"wp","href":"https:\/\/api.w.org\/{rel}","templated":true}]}}