{"id":310925,"date":"2023-05-01T17:33:39","date_gmt":"2023-05-01T15:33:39","guid":{"rendered":"https:\/\/sunlightestate.com\/rejestracja\/"},"modified":"2023-07-19T20:56:53","modified_gmt":"2023-07-19T18:56:53","slug":"rejestracja","status":"publish","type":"page","link":"https:\/\/sunlightestate.com\/pl\/rejestracja\/","title":{"rendered":"Rejestracja"},"content":{"rendered":"\n<div class=\"wp-block-columns is-layout-flex wp-container-core-columns-is-layout-9d6595d7 wp-block-columns-is-layout-flex\">\n<div class=\"wp-block-column is-layout-flow wp-block-column-is-layout-flow\">\n<div class=\"wp-block-columns is-layout-flex wp-container-core-columns-is-layout-9d6595d7 wp-block-columns-is-layout-flex\">\n<div class=\"wp-block-column is-layout-flow wp-block-column-is-layout-flow\">\n<h2 class=\"wp-block-heading has-text-align-center\">Korzy\u015bci:<\/h2>\n<\/div>\n<\/div>\n\n\n\n<div class=\"wp-block-columns is-layout-flex wp-container-core-columns-is-layout-9d6595d7 wp-block-columns-is-layout-flex\">\n<div class=\"wp-block-column is-layout-flow wp-block-column-is-layout-flow\" style=\"flex-basis:66.66%\">\n<p class=\"has-text-align-center\"><strong>Dost\u0119p do portalu klienta<\/strong>\nDost\u0119p do wszystkich Twoich spraw w jednym miejscu w sta\u0142ym kontakcie z naszymi agentami<\/p>\n<\/div>\n\n\n\n<div class=\"wp-block-column is-layout-flow wp-block-column-is-layout-flow\" style=\"flex-basis:33.33%\">\n<figure class=\"wp-block-image size-full\"><img decoding=\"async\" width=\"512\" height=\"512\" data-src=\"https:\/\/sunlightestate.com\/wp-content\/uploads\/2023\/04\/crm.png\" alt=\"\" class=\"wp-image-310693 lazyload\" data-srcset=\"https:\/\/sunlightestate.com\/wp-content\/uploads\/2023\/04\/crm.png 512w, https:\/\/sunlightestate.com\/wp-content\/uploads\/2023\/04\/crm-150x150.png 150w\" data-sizes=\"(max-width: 512px) 100vw, 512px\" src=\"data:image\/gif;base64,R0lGODlhAQABAAAAACH5BAEKAAEALAAAAAABAAEAAAICTAEAOw==\" style=\"--smush-placeholder-width: 512px; --smush-placeholder-aspect-ratio: 512\/512;\" \/><\/figure>\n<\/div>\n<\/div>\n\n\n\n<div class=\"wp-block-columns is-layout-flex wp-container-core-columns-is-layout-9d6595d7 wp-block-columns-is-layout-flex\">\n<div class=\"wp-block-column is-layout-flow wp-block-column-is-layout-flow\"><\/div>\n\n\n\n<div class=\"wp-block-column is-layout-flow wp-block-column-is-layout-flow\"><div class=\"wp-block-image\">\n<figure class=\"aligncenter size-full is-resized\"><img decoding=\"async\" data-src=\"https:\/\/sunlightestate.com\/wp-content\/uploads\/2023\/04\/favourite.png\" alt=\"\" class=\"wp-image-310691 lazyload\" width=\"134\" height=\"134\" data-srcset=\"https:\/\/sunlightestate.com\/wp-content\/uploads\/2023\/04\/favourite.png 512w, https:\/\/sunlightestate.com\/wp-content\/uploads\/2023\/04\/favourite-150x150.png 150w\" data-sizes=\"(max-width: 134px) 100vw, 134px\" src=\"data:image\/gif;base64,R0lGODlhAQABAAAAACH5BAEKAAEALAAAAAABAAEAAAICTAEAOw==\" style=\"--smush-placeholder-width: 134px; --smush-placeholder-aspect-ratio: 134\/134;\" \/><figcaption class=\"wp-element-caption\"><strong>Ulubione oferty<\/strong><\/figcaption><\/figure>\n<\/div><\/div>\n<\/div>\n\n\n\n<div class=\"wp-block-columns is-layout-flex wp-container-core-columns-is-layout-9d6595d7 wp-block-columns-is-layout-flex\">\n<div class=\"wp-block-column is-layout-flow wp-block-column-is-layout-flow\" style=\"flex-basis:100%\">\n<div class=\"wp-block-columns is-layout-flex wp-container-core-columns-is-layout-9d6595d7 wp-block-columns-is-layout-flex\">\n<div class=\"wp-block-column is-layout-flow wp-block-column-is-layout-flow\" style=\"flex-basis:33.33%\">\n<figure class=\"wp-block-image size-full is-resized\"><img decoding=\"async\" data-src=\"https:\/\/sunlightestate.com\/wp-content\/uploads\/2023\/04\/bell.png\" alt=\"\" class=\"wp-image-310689 lazyload\" width=\"105\" height=\"105\" data-srcset=\"https:\/\/sunlightestate.com\/wp-content\/uploads\/2023\/04\/bell.png 512w, https:\/\/sunlightestate.com\/wp-content\/uploads\/2023\/04\/bell-150x150.png 150w\" data-sizes=\"(max-width: 105px) 100vw, 105px\" src=\"data:image\/gif;base64,R0lGODlhAQABAAAAACH5BAEKAAEALAAAAAABAAEAAAICTAEAOw==\" style=\"--smush-placeholder-width: 105px; --smush-placeholder-aspect-ratio: 105\/105;\" \/><\/figure>\n<\/div>\n\n\n\n<div class=\"wp-block-column is-layout-flow wp-block-column-is-layout-flow\" style=\"flex-basis:66.66%\">\n<p class=\"has-text-align-center\"><strong>Alerty\n<\/strong>od razu kiedy nowa oferta spe\u0142niaj\u0105ce Twoje wymagania zostanie opublikowana &#8211; wy\u015blemy emaila<\/p>\n<\/div>\n<\/div>\n<\/div>\n<\/div>\n<\/div>\n\n\n\n<div class=\"wp-block-column is-layout-flow wp-block-column-is-layout-flow\">\n<h2 class=\"wp-block-heading has-text-align-center\">Zarejestruj si\u0119 teraz:<\/h2>\n\n\n\n<div class=\"forminator-guttenberg\"><form id=\"forminator-module-271466\" class=\"forminator-custom-form forminator-custom-form-271466\" method=\"post\" data-forminator-render=\"0\" data-uid=\"69d3c1a75cd60\"><div role=\"alert\" aria-live=\"polite\" class=\"forminator-response-message forminator-error\" aria-hidden=\"true\"><\/div><\/form><\/div>\n<\/div>\n<\/div>\n","protected":false},"excerpt":{"rendered":"<p>Korzy\u015bci: Dost\u0119p do portalu klienta Dost\u0119p do wszystkich Twoich spraw w jednym miejscu w sta\u0142ym kontakcie z naszymi agentami Alerty od razu kiedy nowa oferta spe\u0142niaj\u0105ce Twoje wymagania zostanie opublikowana &#8211; wy\u015blemy emaila Zarejestruj si\u0119 teraz:<\/p>\n","protected":false},"author":1,"featured_media":0,"parent":0,"menu_order":0,"comment_status":"closed","ping_status":"closed","template":"","meta":{"footnotes":""},"coauthors":[47],"class_list":["post-310925","page","type-page","status-publish","hentry"],"_links":{"self":[{"href":"https:\/\/sunlightestate.com\/pl\/wp-json\/wp\/v2\/pages\/310925","targetHints":{"allow":["GET"]}}],"collection":[{"href":"https:\/\/sunlightestate.com\/pl\/wp-json\/wp\/v2\/pages"}],"about":[{"href":"https:\/\/sunlightestate.com\/pl\/wp-json\/wp\/v2\/types\/page"}],"author":[{"embeddable":true,"href":"https:\/\/sunlightestate.com\/pl\/wp-json\/wp\/v2\/users\/1"}],"replies":[{"embeddable":true,"href":"https:\/\/sunlightestate.com\/pl\/wp-json\/wp\/v2\/comments?post=310925"}],"version-history":[{"count":0,"href":"https:\/\/sunlightestate.com\/pl\/wp-json\/wp\/v2\/pages\/310925\/revisions"}],"wp:attachment":[{"href":"https:\/\/sunlightestate.com\/pl\/wp-json\/wp\/v2\/media?parent=310925"}],"wp:term":[{"taxonomy":"author","embeddable":true,"href":"https:\/\/sunlightestate.com\/pl\/wp-json\/wp\/v2\/coauthors?post=310925"}],"curies":[{"name":"wp","href":"https:\/\/api.w.org\/{rel}","templated":true}]}}