{"id":340326,"date":"2024-10-07T20:28:24","date_gmt":"2024-10-07T18:28:24","guid":{"rendered":"https:\/\/sunlightestate.com\/tytul-popup\/"},"modified":"2024-10-18T09:21:54","modified_gmt":"2024-10-18T07:21:54","slug":"popup-home-pl","status":"publish","type":"page","link":"https:\/\/sunlightestate.com\/pl\/popup-home-pl\/","title":{"rendered":"Spotkajmy si\u0119 na Targach Inwestycyjnych!"},"content":{"rendered":"\n<div class=\"wp-block-columns is-layout-flex wp-container-core-columns-is-layout-9d6595d7 wp-block-columns-is-layout-flex\">\n<div class=\"wp-block-column is-layout-flow wp-block-column-is-layout-flow\" style=\"flex-basis:100%\">\n<img decoding=\"async\" class=\"img-thumbnail lazyload\" data-src=\"https:\/\/sunlightestate.com\/wp-content\/uploads\/2022\/09\/Logo_new_gold.svg\" alt=\"\" style=\"width:220px\" src=\"data:image\/gif;base64,R0lGODlhAQABAAAAACH5BAEKAAEALAAAAAABAAEAAAICTAEAOw==\" \/>\n\n\n\n<h1 class=\"wp-block-heading has-text-align-center\">Zapisz si\u0119 na bezp\u0142atn\u0105 konsultacj\u0119 z naszym ekspertem!<\/h1>\n\n\n\n<p class=\"has-text-align-center\">Skorzystaj z okazji i zapisz si\u0119 na&nbsp;<strong>darmow\u0105 konsultacj\u0119<\/strong>&nbsp;z naszym specjalist\u0105 z&nbsp;<strong>Sunlight Estate<\/strong>!<\/p>\n\n\n\n<p class=\"has-text-align-center\">Otrzymasz indywidualne wsparcie w zakresie wyboru najlepszych ofert inwestycyjnych, om\u00f3wisz mo\u017cliwo\u015bci finansowania, a tak\u017ce poznasz szczeg\u00f3\u0142y formalno\u015bci zwi\u0105zanych<br>z zakupem nieruchomo\u015bci w&nbsp;<strong>Turcji<\/strong>.<\/p>\n\n\n\n<a class=\"btn btn-warning\" href=\"https:\/\/sunlightestate.com\/konsultacje\">Wi\u0119cej szczeg\u00f3\u0142\u00f3w tutaj<\/a>\n<\/div>\n<\/div>\n\n\n\n<p><\/p>\n","protected":false},"excerpt":{"rendered":"<p>Zapisz si\u0119 na bezp\u0142atn\u0105 konsultacj\u0119 z naszym ekspertem! Skorzystaj z okazji i zapisz si\u0119 na&nbsp;darmow\u0105 konsultacj\u0119&nbsp;z naszym specjalist\u0105 z&nbsp;Sunlight Estate! Otrzymasz indywidualne wsparcie w zakresie wyboru najlepszych ofert inwestycyjnych, om\u00f3wisz mo\u017cliwo\u015bci finansowania, a tak\u017ce poznasz szczeg\u00f3\u0142y formalno\u015bci zwi\u0105zanychz zakupem nieruchomo\u015bci w&nbsp;Turcji. Wi\u0119cej szczeg\u00f3\u0142\u00f3w tutaj<\/p>\n","protected":false},"author":1,"featured_media":0,"parent":0,"menu_order":0,"comment_status":"closed","ping_status":"closed","template":"","meta":{"footnotes":""},"coauthors":[47],"class_list":["post-340326","page","type-page","status-publish","hentry"],"_links":{"self":[{"href":"https:\/\/sunlightestate.com\/pl\/wp-json\/wp\/v2\/pages\/340326","targetHints":{"allow":["GET"]}}],"collection":[{"href":"https:\/\/sunlightestate.com\/pl\/wp-json\/wp\/v2\/pages"}],"about":[{"href":"https:\/\/sunlightestate.com\/pl\/wp-json\/wp\/v2\/types\/page"}],"author":[{"embeddable":true,"href":"https:\/\/sunlightestate.com\/pl\/wp-json\/wp\/v2\/users\/1"}],"replies":[{"embeddable":true,"href":"https:\/\/sunlightestate.com\/pl\/wp-json\/wp\/v2\/comments?post=340326"}],"version-history":[{"count":0,"href":"https:\/\/sunlightestate.com\/pl\/wp-json\/wp\/v2\/pages\/340326\/revisions"}],"wp:attachment":[{"href":"https:\/\/sunlightestate.com\/pl\/wp-json\/wp\/v2\/media?parent=340326"}],"wp:term":[{"taxonomy":"author","embeddable":true,"href":"https:\/\/sunlightestate.com\/pl\/wp-json\/wp\/v2\/coauthors?post=340326"}],"curies":[{"name":"wp","href":"https:\/\/api.w.org\/{rel}","templated":true}]}}