{"id":343,"date":"2018-12-23T22:05:38","date_gmt":"2018-12-23T21:05:38","guid":{"rendered":"https:\/\/sunlightestate.com\/?page_id=343"},"modified":"2025-04-23T22:32:55","modified_gmt":"2025-04-23T20:32:55","slug":"przewodnik","status":"publish","type":"page","link":"https:\/\/sunlightestate.com\/pl\/przewodnik\/","title":{"rendered":"Przewodnik"},"content":{"rendered":"\n<p>Je\u015bli zastanawiasz si\u0119 nad kupnem mieszkania w Alanyi i nie wiesz od czego zacz\u0105\u0107 koniecznie przejrzyj nasz \u201e<a href=\"https:\/\/mieszkanieturcja.pl\/guide?category=dla-kupujacych\"><strong>Poradnik kupuj\u0105cego<\/strong><\/a>\u201d! Znajdziesz tu praktyczne informacje zwi\u0105zane z tym na co nale\u017cy zwr\u00f3ci\u0107 uwag\u0119, a czego zdecydowanie unika\u0107 przy kupnie nieruchomo\u015bci na Riwierze Tureckiej.<\/p>\n\n\n\n<p>Je\u015bli planujesz urlop w Turcji na w\u0142asn\u0105 r\u0119k\u0119 i chcia\u0142by\u015b sp\u0119dzi\u0107 urlop w jednym z prywatnych apartament\u00f3w, nie przegap \u201e<a href=\"https:\/\/mieszkanieturcja.pl\/guide?category=alanya-dla-najemcow\"><strong>Poradnika dla najemc\u00f3w<\/strong><\/a>\u201d! Jak wynaj\u0105\u0107 mieszkanie w Alanyi? Jakie standardy najmu obowi\u0105zuj\u0105? Ile depozytu zap\u0142acisz? Czy \u0142atwo znajdziesz mieszkanie je\u015bli przyjedziesz z psem lub kotem? Jak du\u017cego rachunku za pr\u0105d mo\u017cesz si\u0119 spodziewa\u0107 po tygodniowym pobycie w Alanyi? Na te i inne wa\u017cne pytania odpowiedzi szukaj w naszym praktycznym \u201e<a href=\"https:\/\/mieszkanieturcja.pl\/guide?category=alanya-dla-najemcow\"><strong>Poradniku dla najemc\u00f3w<\/strong>\u201d.<\/a><\/p>\n\n\n\n<p>Dla szcz\u0119\u015bliwych posiadaczy nieruchomo\u015bci w Alanyi, polecamy \u201e<a href=\"https:\/\/mieszkanieturcja.pl\/guide?category=dla-wlascicieli\"><strong>Poradnik w\u0142a\u015bciciela<\/strong><\/a>\u201d. Otrzyma\u0142e\u015b klucze i co teraz? Gdzie kupi\u0107 pasuj\u0105ce do mieszkania meble? U kogo najlepiej ubezpieczy\u0107 nieruchomo\u015b\u0107? Czego wymaga\u0107 od wsp\u00f3lnoty mieszkaniowej? Jak rozwi\u0105za\u0107 temat opieki nad mieszkaniem podczas Twojej nieobecno\u015bci? Odpowiedzi na najbardziej nurtuj\u0105ce pytania w tym zakresie tylko w naszym \u201e<a href=\"https:\/\/mieszkanieturcja.pl\/guide?category=dla-wlascicieli\"><strong>Poradniku w\u0142a\u015bciciela<\/strong><\/a>\u201d.<\/p>\n\n\n\n<p>\u201e<a href=\"https:\/\/mieszkanieturcja.pl\/guide?category=dla-sprzedajacych\"><strong>Poradnik sprzedaj\u0105cego<\/strong><\/a>\u201d natomiast przybli\u017cy Ci najwa\u017cniejsze kwestie sprzeda\u017cy mieszka\u0144 w Alanyi. Jak przygotowa\u0107 nieruchomo\u015b\u0107 do sprzeda\u017cy? Ile wynosz\u0105 op\u0142aty za us\u0142ugi po\u015brednika? Jaki rodzaj umowy po\u015brednictwa warto wybra\u0107? Co mo\u017ce przyspieszy\u0107 sprzeda\u017c mieszkania?<\/p>\n\n\n\n<p>Je\u015bli temat nieruchomo\u015bci interesuje Ci\u0119 pod k\u0105tem inwestycyjnym i my\u015blisz, na przyk\u0142ad, o zakupie mieszkania pod wynajem, przeczytaj obowi\u0105zkowo \u201e<a href=\"https:\/\/mieszkanieturcja.pl\/guide?category=dla-kupujacych\"><strong>Poradnik inwestora<\/strong><\/a>\u201d. Dowiesz si\u0119 mi\u0119dzy innymi jak wygl\u0105da realny zysk z wynajm\u00f3w? Jaki panuje trend na rynku? Jakie typy nieruchomo\u015bci naj\u0142atwiej sprzeda\u0107 z zyskiem?<\/p>\n\n\n\n<p>Dla os\u00f3b i firm zainteresowanych wsp\u00f3\u0142prac\u0105 przy sprzeda\u017cy nieruchomo\u015bci w regionie Alanyi, wskaz\u00f3wek udzielamy w \u201e<a href=\"https:\/\/sunlightestate.com\/pl\/przewodnik-dla-partnerow\/\"><strong>Poradniku dla partner\u00f3w<\/strong><\/a>\u201d. Bior\u0105c pod uwag\u0119, \u017ce klientem kupuj\u0105cym jest obcokrajowiec, masz szans\u0119 by\u0107 w swoim kraju naszym subagentem i, przy niewielkim nak\u0142adzie energii i czasu, zarobi\u0107 dodatkowe pieni\u0105dze.<\/p>\n\n\n\n<p><em><strong>Inwestycja zaczyna si\u0119 w momencie podj\u0119cia decyzji. Sunlight Estate dzieli si\u0119 z Tob\u0105 do\u015bwiadczeniem, kt\u00f3re pozwoli wykona\u0107 pewny ruch w dobrym kierunku.<\/strong><\/em><\/p>\n\n\n<form role=\"search\" method=\"get\" action=\"https:\/\/sunlightestate.com\/pl\/\" class=\"wp-block-search__button-outside wp-block-search__text-button wp-block-search\"    ><label class=\"wp-block-search__label\" for=\"wp-block-search__input-1\" >Wyszukaj<\/label><div class=\"wp-block-search__inside-wrapper\" ><input class=\"wp-block-search__input\" id=\"wp-block-search__input-1\" placeholder=\"\" value=\"\" type=\"search\" name=\"s\" required \/><button aria-label=\"Szukaj\" class=\"wp-block-search__button wp-element-button\" type=\"submit\" >Szukaj<\/button><\/div><\/form>\n\n\n<p><\/p>\n","protected":false},"excerpt":{"rendered":"<p>Je\u015bli zastanawiasz si\u0119 nad kupnem mieszkania w Alanyi i nie wiesz od czego zacz\u0105\u0107 koniecznie przejrzyj nasz \u201ePoradnik kupuj\u0105cego\u201d! Znajdziesz tu praktyczne informacje zwi\u0105zane z tym na co nale\u017cy zwr\u00f3ci\u0107 uwag\u0119, a czego zdecydowanie unika\u0107 przy kupnie nieruchomo\u015bci na Riwierze Tureckiej. Je\u015bli planujesz urlop w Turcji na w\u0142asn\u0105 r\u0119k\u0119 i chcia\u0142by\u015b sp\u0119dzi\u0107 urlop w jednym [&hellip;]<\/p>\n","protected":false},"author":1,"featured_media":0,"parent":0,"menu_order":0,"comment_status":"closed","ping_status":"closed","template":"","meta":{"footnotes":""},"coauthors":[47],"class_list":["post-343","page","type-page","status-publish","hentry"],"_links":{"self":[{"href":"https:\/\/sunlightestate.com\/pl\/wp-json\/wp\/v2\/pages\/343","targetHints":{"allow":["GET"]}}],"collection":[{"href":"https:\/\/sunlightestate.com\/pl\/wp-json\/wp\/v2\/pages"}],"about":[{"href":"https:\/\/sunlightestate.com\/pl\/wp-json\/wp\/v2\/types\/page"}],"author":[{"embeddable":true,"href":"https:\/\/sunlightestate.com\/pl\/wp-json\/wp\/v2\/users\/1"}],"replies":[{"embeddable":true,"href":"https:\/\/sunlightestate.com\/pl\/wp-json\/wp\/v2\/comments?post=343"}],"version-history":[{"count":0,"href":"https:\/\/sunlightestate.com\/pl\/wp-json\/wp\/v2\/pages\/343\/revisions"}],"wp:attachment":[{"href":"https:\/\/sunlightestate.com\/pl\/wp-json\/wp\/v2\/media?parent=343"}],"wp:term":[{"taxonomy":"author","embeddable":true,"href":"https:\/\/sunlightestate.com\/pl\/wp-json\/wp\/v2\/coauthors?post=343"}],"curies":[{"name":"wp","href":"https:\/\/api.w.org\/{rel}","templated":true}]}}