{"id":402,"date":"2018-12-23T22:18:51","date_gmt":"2018-12-23T21:18:51","guid":{"rendered":"https:\/\/sunlightestate.com\/?page_id=402"},"modified":"2024-10-04T11:40:20","modified_gmt":"2024-10-04T09:40:20","slug":"o-nas","status":"publish","type":"page","link":"https:\/\/sunlightestate.com\/pl\/o-nas\/","title":{"rendered":"O nas"},"content":{"rendered":"\n<h2 class=\"wp-block-heading\">Co nieco o naszej firmie&#8230;<\/h2>\n\n\n\n<p>Temat po\u015brednictwa w obrocie nieruchomo\u015bciami wkroczy\u0142 do mojego \u017cycia w 2005 roku<strong>.<\/strong> Prac\u0119 zawodow\u0105 rozpocz\u0119\u0142am u boku Zbigniewa Pot\u0119py w krakowskim Exclusive Estate, kt\u00f3ry nauczy\u0142 mnie nie tylko podstaw bran\u017cy i podej\u015bcia do klienta, ale tak\u017ce podkre\u015bli\u0142 wag\u0119 etyki zawodowej i mi\u0119dzyludzkich relacji. Od tamtej pory z\u0142apa\u0142am \u201enieruchomo\u015bciowego bakcyla\u201d na dobre, a w 2007 roku postanowi\u0142am rozwija\u0107 swoje zainteresowanie na po\u0142udniu Turcji, a dok\u0142adnie w Alanyi. To w\u0142a\u015bnie podczas urlopu zorientowa\u0142am si\u0119, \u017ce ceny nieruchomo\u015bci w Turcji s\u0105 niezwykle atrakcyjne.\u00a0<\/p>\n\n\n\n<p>W styczniu 2008 roku przeprowadzi\u0142am si\u0119 do Turcji, nie znaj\u0105c jeszcze j\u0119zyka, kultury ani prawa, i rozpocz\u0119\u0142am wsp\u00f3\u0142prac\u0119 z lokalnym agentem. To on wprowadzi\u0142 mnie w codzienno\u015b\u0107 po\u015brednictwa w nieruchomo\u015bciach w Turcji, zapozna\u0142 z najwa\u017cniejszymi zasadami, procedurami oraz ofertami w regionie. Jeszcze w tym samym roku za\u0142o\u017cyli\u015bmy wsp\u00f3ln\u0105 firm\u0119, kt\u00f3ra funkcjonuje do dzi\u015b \u2013 nied\u0142ugo stuknie nam 17 lat.\u00a0<\/p>\n\n\n\n<p>Sunlight Estate to wyj\u0105tkowa hybryda mojego polskiego do\u015bwiadczenia, zasad wyniesionych z pracy w Polsce oraz tureckiej praktyki dostosowanej do lokalnych reali\u00f3w i procedur. Czas pokaza\u0142, \u017ce takie po\u0142\u0105czenie teorii z praktyk\u0105 przynosi \u015bwietne efekty. Oferuj\u0105c naszym klientom konkretne apartamenty czy domy w Turcji, jeste\u015bmy w stanie \u015bwiadczy\u0107 us\u0142ugi na europejskim poziomie. Co wi\u0119cej, proces zakupu nieruchomo\u015bci z pomoc\u0105 polskiego po\u015brednika, posiadaj\u0105cego zar\u00f3wno polsk\u0105, jak i tureck\u0105 licencj\u0119, a tak\u017ce asyst\u0105 t\u0142umacza przysi\u0119g\u0142ego w jednym , zapewnia naszym klientom wyj\u0105tkowo komfortowe warunki.&nbsp;<\/p>\n\n\n\n<p>Przez lata pracy zbudowali\u015bmy bogat\u0105 baz\u0119 nieruchomo\u015bci w Alanyi, gdzie mamy swoj\u0105 siedzib\u0119. To miejsce jest wyj\u0105tkowe, zar\u00f3wno ze wzgl\u0119du na unikatowe po\u0142o\u017cenie pomi\u0119dzy morzem a g\u00f3rami, z rzekami, jaskiniami oraz dobrze zachowanymi antycznymi ruinami, jak i na rozbudowan\u0105 infrastruktur\u0119. W naszej ofercie znajduj\u0105 si\u0119 r\u00f3wnie\u017c nieruchomo\u015bci z okolic Antalyi, Stambu\u0142u, Mersinu, a tak\u017ce Cypru P\u00f3\u0142nocnego i Po\u0142udniowego. Ca\u0142y czas poszerzamy obszar naszego dzia\u0142ania.&nbsp;<\/p>\n\n\n\n<p>Tysi\u0105ce przeprowadzonych transakcji \u2013 zar\u00f3wno kupna, jak i wynajmu nieruchomo\u015bci w Turcji \u2013 pozwalaj\u0105 nam z dum\u0105 chwali\u0107 si\u0119 solidnym do\u015bwiadczeniem. Grono wyselekcjonowanych partner\u00f3w zapewnia zar\u00f3wno nam, jak i naszym klientom poczucie komfortu inwestycyjnego.&nbsp;<\/p>\n\n\n\n<p>Zaczynali\u015bmy nasz\u0105 firm\u0119 w dwie osoby, przechodz\u0105c osobi\u015bcie przez wszystkie etapy rozwoju. Wiemy doskonale, co oznacza \u201edbanie o klienta\u201d. Teraz, po latach, dzia\u0142amy ze wsparciem do\u015bwiadczonego zespo\u0142u, ca\u0142y czas podnosz\u0105c standardy obs\u0142ugi i podwy\u017cszaj\u0105c poprzeczk\u0119 w bran\u017cy.&nbsp;<\/p>\n\n\n\n<p><strong>Dlaczego mimo up\u0142ywu lat nadal uwa\u017camy, \u017ce warto inwestowa\u0107 w nieruchomo\u015bci w Turcji?<\/strong>&nbsp;<\/p>\n\n\n\n<p>Przede wszystkim dlatego, \u017ce dop\u00f3ki ceny mieszka\u0144, dom\u00f3w i grunt\u00f3w w Turcji s\u0105 ni\u017csze ni\u017c w Europie, dop\u00f3ty istnieje szansa na zysk. Ceny w Turcji stopniowo zmierzaj\u0105 w kierunku europejskich, co oznacza mo\u017cliwo\u015b\u0107 zarobku. Prosta matematyka, bez wielkiej filozofii. Oczywi\u015bcie, mo\u017cna dodatkowo podkre\u015bli\u0107 super klimat, lekkie i smaczne jedzenie sprzyjaj\u0105ce zdrowiu, szybki rozw\u00f3j gospodarczy kraju oraz m\u0142od\u0105 struktur\u0119 spo\u0142eczn\u0105 \u2013 osoby w wieku 15\u201324 lata stanowi\u0105 15% spo\u0142ecze\u0144stwa licz\u0105cego 85 milion\u00f3w ludzi.&nbsp;<\/p>\n\n\n\n<p>Nie spodziewam si\u0119 co prawda tak gwa\u0142townych wzrost\u00f3w cen nieruchomo\u015bci w Turcji, jak podczas pandemii czy po wybuchu konfliktu na Ukrainie, ale historia pokazuje, \u017ce gdy w Europie lub na \u015bwiecie \u201erobi si\u0119 gor\u0105co\u201d, zaczyna si\u0119 wzmo\u017cony popyt na nieruchomo\u015bci w Turcji, a wraz z nim wzrost cen. To potwierdza fakt, \u017ce inwestycje w nieruchomo\u015bci przynosz\u0105 korzy\u015bci g\u0142\u00f3wnie wtedy, gdy wykazujemy si\u0119 odrobin\u0105 cierpliwo\u015bci.&nbsp;<\/p>\n\n\n\n<p>Turcja to miejsce specyficzne, nie ka\u017cdy odnajdzie tu sw\u00f3j raj na ziemi, ale z naszego do\u015bwiadczenia wynika, \u017ce to idealna baza na jesie\u0144 \u017cycia. Dotychczas \u017caden z naszych klient\u00f3w w wieku emerytalnym nie \u017ca\u0142owa\u0142 decyzji o inwestycji w Turcji. Przyk\u0142adem mo\u017ce by\u0107 Marysia i Zbyszek ze Szczecina, z kt\u00f3rymi wywiad znajdziecie na naszym kanale YouTube \u201eMieszkanie w Turcji\u201d. To ludzie, kt\u00f3rzy mimo swojego wieku doskonale odnale\u017ali si\u0119 w tutejszej rzeczywisto\u015bci i s\u0105 bardzo zadowoleni z podj\u0119tej decyzji.&nbsp;<\/p>\n\n\n\n<p>Dla nas, po\u015brednik\u00f3w, najwi\u0119kszym potwierdzeniem dobrze wykonanej pracy jest zadowolony klient, kt\u00f3ry poleca nas innym. Na szcz\u0119\u015bcie, liczba takich polece\u0144 nieustannie ro\u015bnie.&nbsp;<\/p>\n\n\n\n<p>Mo\u017cecie by\u0107 pewni, \u017ce przeprowadzaj\u0105c Was przez transakcj\u0119 zakupu nieruchomo\u015bci w Turcji, traktujemy Was jak dobrych znajomych. Staramy si\u0119 wynegocjowa\u0107 dla Was jak najlepsze warunki i zadba\u0107, aby\u015bcie zap\u0142acili jak najmniej. Prawda jest taka, \u017ce po zakupie nieruchomo\u015bci \u2013 cho\u0107by ze wzgl\u0119du na barier\u0119 j\u0119zykow\u0105 \u2013 pozostajecie z nami w kontakcie przez d\u0142ugie lata, co oznacza, \u017ce de facto stajemy si\u0119 dobrymi znajomymi. W naszej bran\u017cy dobre relacje po\u015brednika z klientem to podstawa udanej wsp\u00f3\u0142pracy, zar\u00f3wno przed, w trakcie, jak i po zakupie.&nbsp;<br><strong><em>Klienci m\u00f3wi\u0105, \u017ce jeste\u015bmy dobrzy w tym, co robimy\u2026 Nie wierz na s\u0142owo, sam si\u0119 przekonaj!<\/em><\/strong><\/p>\n","protected":false},"excerpt":{"rendered":"<p>Co nieco o naszej firmie&#8230; Temat po\u015brednictwa w obrocie nieruchomo\u015bciami wkroczy\u0142 do mojego \u017cycia w 2005 roku. Prac\u0119 zawodow\u0105 rozpocz\u0119\u0142am u boku Zbigniewa Pot\u0119py w krakowskim Exclusive Estate, kt\u00f3ry nauczy\u0142 mnie nie tylko podstaw bran\u017cy i podej\u015bcia do klienta, ale tak\u017ce podkre\u015bli\u0142 wag\u0119 etyki zawodowej i mi\u0119dzyludzkich relacji. Od tamtej pory z\u0142apa\u0142am \u201enieruchomo\u015bciowego bakcyla\u201d na [&hellip;]<\/p>\n","protected":false},"author":1,"featured_media":0,"parent":0,"menu_order":0,"comment_status":"closed","ping_status":"closed","template":"","meta":{"footnotes":""},"coauthors":[47],"class_list":["post-402","page","type-page","status-publish","hentry"],"_links":{"self":[{"href":"https:\/\/sunlightestate.com\/pl\/wp-json\/wp\/v2\/pages\/402","targetHints":{"allow":["GET"]}}],"collection":[{"href":"https:\/\/sunlightestate.com\/pl\/wp-json\/wp\/v2\/pages"}],"about":[{"href":"https:\/\/sunlightestate.com\/pl\/wp-json\/wp\/v2\/types\/page"}],"author":[{"embeddable":true,"href":"https:\/\/sunlightestate.com\/pl\/wp-json\/wp\/v2\/users\/1"}],"replies":[{"embeddable":true,"href":"https:\/\/sunlightestate.com\/pl\/wp-json\/wp\/v2\/comments?post=402"}],"version-history":[{"count":0,"href":"https:\/\/sunlightestate.com\/pl\/wp-json\/wp\/v2\/pages\/402\/revisions"}],"wp:attachment":[{"href":"https:\/\/sunlightestate.com\/pl\/wp-json\/wp\/v2\/media?parent=402"}],"wp:term":[{"taxonomy":"author","embeddable":true,"href":"https:\/\/sunlightestate.com\/pl\/wp-json\/wp\/v2\/coauthors?post=402"}],"curies":[{"name":"wp","href":"https:\/\/api.w.org\/{rel}","templated":true}]}}