{"id":70713,"date":"2018-01-10T22:31:45","date_gmt":"2018-01-10T21:31:45","guid":{"rendered":"https:\/\/sunlightestate.com\/index.php\/for-sale\/"},"modified":"2021-06-08T12:36:52","modified_gmt":"2021-06-08T10:36:52","slug":"na-sprzedaz","status":"publish","type":"page","link":"https:\/\/sunlightestate.com\/pl\/na-sprzedaz\/","title":{"rendered":"Alanya nowe nieruchomo\u015bci prosto od dewelopera"},"content":{"rendered":"<p>Oferujemy nowe mieszkania i domy na sprzeda\u017c prosto od dewelopera &nbsp;w Turcji a dok\u0142adnie w Alanyi. Wejd\u017a i sprawd\u017a&nbsp; ofert\u0119. Jeste\u015bmy licencjonowanym biurem nieruchomo\u015bci, dzia\u0142aj\u0105cym w regionie Alanyi na Riwierze Tureckiej. Specjalizujemy si\u0119 w sprzeda\u017cy mieszka\u0144, apartament\u00f3w i dom\u00f3w, a tak\u017ce wyszukujemy nieruchomo\u015bci komercyjne na indywidualne zlecenia. Po\u0142\u0105czyli\u015bmy do\u015bwiadczenie w nieruchomo\u015bciach z rynku polskiego wprowadzaj\u0105c europejskie standardy pracy po\u015brednika do praktyki po\u015brednika tureckiego. Co z tego wysz\u0142o? Rozwijaj\u0105ca si\u0119 firma, kt\u00f3ra kieruje si\u0119 etyk\u0105 zawodow\u0105 i dobrem klienta przede wszystkim. Oczywi\u015bcie wi\u0119kszo\u015b\u0107 z nas b\u0119dzie zachwala\u0107 swoj\u0105 firm\u0119, a klient maj\u0105c wyb\u00f3r mi\u0119dzy setkami ofert dostaje zawrotu g\u0142owy, gdy ma podj\u0105\u0107 decyzj\u0119 z oferty kt\u00f3rego biura nieruchomo\u015bci skorzysta\u0107. Przechodzili\u015bmy przez to sami jako klienci, wi\u0119c wiemy dok\u0142adnie, z czym nasz klient musi si\u0119 zmierzy\u0107. &nbsp;Bez popadania w narcyzm mo\u017cemy zapewni\u0107 Ci\u0119, \u017ce trafi\u0142e\u015b do profesjonalist\u00f3w stosuj\u0105cych przejrzyste zasady. Nasz\u0105 prac\u0119 wykonujemy od 2008 roku wi\u0119c dobrze rozumiemy potrzeby klient\u00f3w, a dzi\u0119ki wypracowanemu do\u015bwiadczeniu doradzamy i asystujemy wi\u0119c mo\u017cesz czu\u0107 si\u0119 bezpiecznie. Zapraszamy ka\u017cdego, kto planuje kupi\u0107 lub sprzeda\u0107 mieszkanie w regionie Alanyi, do skorzystania z naszej wiedzy!<br \/>\nW Alanyi jest mn\u00f3stwo dom\u00f3w i mieszka\u0144 na sprzeda\u017c, wi\u0119c jak wybra\u0107 najlepsz\u0105 ofert\u0119? Sk\u0105d masz wiedzie\u0107, kt\u00f3ra dzielnica Alanyi b\u0119dzie lepsza dla m\u0142odych par z dzie\u0107mi, a kt\u00f3ra dla os\u00f3b dojrza\u0142ych, ceni\u0105cych sobie blisko\u015b\u0107 natury i spok\u00f3j? Dlaczego powiniene\u015b kupi\u0107 mieszkanie ze wschodni\u0105\/po\u0142udniow\u0105 ekspozycj\u0105 je\u015bli planujesz mieszka\u0107 w Alanyi r\u00f3wnie\u017c zim\u0105? Co, mieszkaj\u0105c w po\u0142udniowej cz\u0119\u015bci Turcji, powiniene\u015b wiedzie\u0107 o mieszkaniach dwupoziomowych i tych po\u0142o\u017conych na parterze? I jakich dokument\u00f3w potrzebujesz je\u015bli chcesz kupi\u0107 mieszkanie w Alanyi? Zerknij na nasz\u0105 stron\u0119, a po wi\u0119cej szczeg\u00f3\u0142\u00f3w pisz do nas prosto ze strony. Za\u0142\u00f3\u017c sobie konto w naszym serwisie i bedzi\u0119sz mia\u0142 dost\u0119p do wi\u0119kszej ilo\u015bci informacji.<\/p>\n","protected":false},"excerpt":{"rendered":"<p>Oferujemy nowe mieszkania i domy na sprzeda\u017c prosto od dewelopera &nbsp;w Turcji a dok\u0142adnie w Alanyi. Wejd\u017a i sprawd\u017a&nbsp; ofert\u0119. Jeste\u015bmy licencjonowanym biurem nieruchomo\u015bci, dzia\u0142aj\u0105cym w regionie Alanyi na Riwierze Tureckiej. Specjalizujemy si\u0119 w sprzeda\u017cy mieszka\u0144, apartament\u00f3w i dom\u00f3w, a tak\u017ce wyszukujemy nieruchomo\u015bci komercyjne na indywidualne zlecenia. Po\u0142\u0105czyli\u015bmy do\u015bwiadczenie w nieruchomo\u015bciach z rynku polskiego wprowadzaj\u0105c [&hellip;]<\/p>\n","protected":false},"author":1,"featured_media":0,"parent":0,"menu_order":0,"comment_status":"closed","ping_status":"closed","template":"template-filtered-listings-main.php","meta":{"footnotes":""},"coauthors":[47],"class_list":["post-70713","page","type-page","status-publish","hentry"],"_links":{"self":[{"href":"https:\/\/sunlightestate.com\/pl\/wp-json\/wp\/v2\/pages\/70713","targetHints":{"allow":["GET"]}}],"collection":[{"href":"https:\/\/sunlightestate.com\/pl\/wp-json\/wp\/v2\/pages"}],"about":[{"href":"https:\/\/sunlightestate.com\/pl\/wp-json\/wp\/v2\/types\/page"}],"author":[{"embeddable":true,"href":"https:\/\/sunlightestate.com\/pl\/wp-json\/wp\/v2\/users\/1"}],"replies":[{"embeddable":true,"href":"https:\/\/sunlightestate.com\/pl\/wp-json\/wp\/v2\/comments?post=70713"}],"version-history":[{"count":0,"href":"https:\/\/sunlightestate.com\/pl\/wp-json\/wp\/v2\/pages\/70713\/revisions"}],"wp:attachment":[{"href":"https:\/\/sunlightestate.com\/pl\/wp-json\/wp\/v2\/media?parent=70713"}],"wp:term":[{"taxonomy":"author","embeddable":true,"href":"https:\/\/sunlightestate.com\/pl\/wp-json\/wp\/v2\/coauthors?post=70713"}],"curies":[{"name":"wp","href":"https:\/\/api.w.org\/{rel}","templated":true}]}}